{"id":761,"date":"2020-12-05T15:07:10","date_gmt":"2020-12-05T14:07:10","guid":{"rendered":"https:\/\/www.alsput.com\/?page_id=761"},"modified":"2026-02-21T11:01:43","modified_gmt":"2026-02-21T10:01:43","slug":"taverne-traiteur-a-emporter","status":"publish","type":"page","link":"https:\/\/www.alsput.com\/fr\/taverne-traiteur-a-emporter\/","title":{"rendered":"Taverne, traiteur \u00e0 emporter"},"content":{"rendered":"\t\t<div data-elementor-type=\"wp-page\" data-elementor-id=\"761\" class=\"elementor elementor-761 elementor-758\" data-elementor-post-type=\"page\">\n\t\t\t\t\t\t<section class=\"elementor-section elementor-top-section elementor-element elementor-element-6b04e54 elementor-section-content-middle elementor-section-boxed elementor-section-height-default elementor-section-height-default\" data-id=\"6b04e54\" data-element_type=\"section\" data-e-type=\"section\">\n\t\t\t\t\t\t<div class=\"elementor-container elementor-column-gap-no\">\n\t\t\t\t\t<div class=\"elementor-column elementor-col-100 elementor-top-column elementor-element elementor-element-844de33\" data-id=\"844de33\" data-element_type=\"column\" data-e-type=\"column\" data-settings=\"{&quot;background_background&quot;:&quot;classic&quot;}\">\n\t\t\t<div class=\"elementor-widget-wrap elementor-element-populated\">\n\t\t\t\t\t\t<div class=\"elementor-element elementor-element-442e72f elementor-widget-divider--view-line elementor-widget elementor-widget-divider\" data-id=\"442e72f\" data-element_type=\"widget\" data-e-type=\"widget\" data-widget_type=\"divider.default\">\n\t\t\t\t<div class=\"elementor-widget-container\">\n\t\t\t\t\t\t\t<div class=\"elementor-divider\">\n\t\t\t<span class=\"elementor-divider-separator\">\n\t\t\t\t\t\t<\/span>\n\t\t<\/div>\n\t\t\t\t\t\t<\/div>\n\t\t\t\t<\/div>\n\t\t\t\t<div class=\"elementor-element elementor-element-c2db1b3 elementor-widget elementor-widget-text-editor\" data-id=\"c2db1b3\" data-element_type=\"widget\" data-e-type=\"widget\" data-widget_type=\"text-editor.default\">\n\t\t\t\t<div class=\"elementor-widget-container\">\n\t\t\t\t\t\t\t\t\t<p>Nous sommes ouverts tous les jours, \u00e9galement pour nos d\u00e9licieux plats \u00e0 emporter, nos menus du jour et nos offres saisonni\u00e8res.<\/p><p>Faites votre choix ici et commandez en appelant le 02 356 76 47 ou en vous rendant sur <a href=\"mailto:mieke@alsput.com\" target=\"_blank\" rel=\"noopener\">mieke@alsput.com<\/a>.<\/p><p>A bient\u00f4t !<\/p>\t\t\t\t\t\t\t\t<\/div>\n\t\t\t\t<\/div>\n\t\t\t\t<section class=\"elementor-section elementor-inner-section elementor-element elementor-element-cd43150 elementor-section-boxed elementor-section-height-default elementor-section-height-default\" data-id=\"cd43150\" data-element_type=\"section\" data-e-type=\"section\">\n\t\t\t\t\t\t<div class=\"elementor-container elementor-column-gap-no\">\n\t\t\t\t\t<div class=\"elementor-column elementor-col-25 elementor-inner-column elementor-element elementor-element-34f3921\" data-id=\"34f3921\" data-element_type=\"column\" data-e-type=\"column\">\n\t\t\t<div class=\"elementor-widget-wrap elementor-element-populated\">\n\t\t\t\t\t\t<div class=\"elementor-element elementor-element-d4f0325 elementor-flip-box--effect-flip elementor-flip-box--direction-up elementor-widget elementor-widget-flip-box\" data-id=\"d4f0325\" data-element_type=\"widget\" data-e-type=\"widget\" data-widget_type=\"flip-box.default\">\n\t\t\t\t<div class=\"elementor-widget-container\">\n\t\t\t\t\t\t\t<div class=\"elementor-flip-box\" tabindex=\"0\">\n\t\t\t<div class=\"elementor-flip-box__layer elementor-flip-box__front\">\n\t\t\t\t<div class=\"elementor-flip-box__layer__overlay\">\n\t\t\t\t\t<div class=\"elementor-flip-box__layer__inner\">\n\t\t\t\t\t\t\t\t\t\t\t\t\t<div class=\"elementor-icon-wrapper elementor-view-default\">\n\t\t\t\t\t\t\t\t<div class=\"elementor-icon\">\n\t\t\t\t\t\t\t\t\t<i aria-hidden=\"true\" class=\"fas fa-book-reader\"><\/i>\t\t\t\t\t\t\t\t<\/div>\n\t\t\t\t\t\t\t<\/div>\n\t\t\t\t\t\t\n\t\t\t\t\t\t\t\t\t\t\t\t\t<h3 class=\"elementor-flip-box__layer__title\">\n\t\t\t\t\t\t\t\tAlsput Service Traiteur \t\t\t\t\t\t\t<\/h3>\n\t\t\t\t\t\t\n\t\t\t\t\t\t\t\t\t\t\t<\/div>\n\t\t\t\t<\/div>\n\t\t\t<\/div>\n\t\t\t<a class=\"elementor-flip-box__layer elementor-flip-box__back\" href=\"\/menu\/traiteur.pdf\" target=\"_blank\">\n\t\t\t<div class=\"elementor-flip-box__layer__overlay\">\n\t\t\t\t<div class=\"elementor-flip-box__layer__inner\">\n\t\t\t\t\t\t\t\t\t\t\t<h3 class=\"elementor-flip-box__layer__title\">\n\t\t\t\t\t\t\tAlsput Service Traiteur \t\t\t\t\t\t<\/h3>\n\t\t\t\t\t\n\t\t\t\t\t\n\t\t\t\t\t\t\t\t\t\t\t<span class=\"elementor-flip-box__button elementor-button elementor-size-sm\">\n\t\t\t\t\t\t\tinfo\t\t\t\t\t\t<\/span>\n\t\t\t\t\t\t\t\t<\/div>\n\t\t<\/div>\n\t\t<\/a>\n\t\t<\/div>\n\t\t\t\t\t\t<\/div>\n\t\t\t\t<\/div>\n\t\t\t\t\t<\/div>\n\t\t<\/div>\n\t\t\t\t<div class=\"elementor-column elementor-col-25 elementor-inner-column elementor-element elementor-element-9ed4def\" data-id=\"9ed4def\" data-element_type=\"column\" data-e-type=\"column\">\n\t\t\t<div class=\"elementor-widget-wrap elementor-element-populated\">\n\t\t\t\t\t\t<div class=\"elementor-element elementor-element-eef6032 elementor-flip-box--effect-flip elementor-flip-box--direction-up elementor-widget elementor-widget-flip-box\" data-id=\"eef6032\" data-element_type=\"widget\" data-e-type=\"widget\" data-widget_type=\"flip-box.default\">\n\t\t\t\t<div class=\"elementor-widget-container\">\n\t\t\t\t\t\t\t<div class=\"elementor-flip-box\" tabindex=\"0\">\n\t\t\t<div class=\"elementor-flip-box__layer elementor-flip-box__front\">\n\t\t\t\t<div class=\"elementor-flip-box__layer__overlay\">\n\t\t\t\t\t<div class=\"elementor-flip-box__layer__inner\">\n\t\t\t\t\t\t\t\t\t\t\t\t\t<div class=\"elementor-icon-wrapper elementor-view-default\">\n\t\t\t\t\t\t\t\t<div class=\"elementor-icon\">\n\t\t\t\t\t\t\t\t\t<i aria-hidden=\"true\" class=\"fas fa-book-reader\"><\/i>\t\t\t\t\t\t\t\t<\/div>\n\t\t\t\t\t\t\t<\/div>\n\t\t\t\t\t\t\n\t\t\t\t\t\t\t\t\t\t\t\t\t<h3 class=\"elementor-flip-box__layer__title\">\n\t\t\t\t\t\t\t\tMenu du jour\t\t\t\t\t\t\t<\/h3>\n\t\t\t\t\t\t\n\t\t\t\t\t\t\t\t\t\t\t\t\t<div class=\"elementor-flip-box__layer__description\">\n\t\t\t\t\t\t\t\tDu lundi au vendredi, un menu du jour pour seulement 20 euros\t\t\t\t\t\t\t<\/div>\n\t\t\t\t\t\t\t\t\t\t\t<\/div>\n\t\t\t\t<\/div>\n\t\t\t<\/div>\n\t\t\t<a class=\"elementor-flip-box__layer elementor-flip-box__back\" href=\"\/menu\/dagmenu.jpg\" target=\"_blank\">\n\t\t\t<div class=\"elementor-flip-box__layer__overlay\">\n\t\t\t\t<div class=\"elementor-flip-box__layer__inner\">\n\t\t\t\t\t\t\t\t\t\t\t<h3 class=\"elementor-flip-box__layer__title\">\n\t\t\t\t\t\t\tMenu du jour\t\t\t\t\t\t<\/h3>\n\t\t\t\t\t\n\t\t\t\t\t\n\t\t\t\t\t\t\t\t\t\t\t<span class=\"elementor-flip-box__button elementor-button elementor-size-sm\">\n\t\t\t\t\t\t\tle menu\t\t\t\t\t\t<\/span>\n\t\t\t\t\t\t\t\t<\/div>\n\t\t<\/div>\n\t\t<\/a>\n\t\t<\/div>\n\t\t\t\t\t\t<\/div>\n\t\t\t\t<\/div>\n\t\t\t\t\t<\/div>\n\t\t<\/div>\n\t\t\t\t<div class=\"elementor-column elementor-col-25 elementor-inner-column elementor-element elementor-element-10bf046\" data-id=\"10bf046\" data-element_type=\"column\" data-e-type=\"column\">\n\t\t\t<div class=\"elementor-widget-wrap elementor-element-populated\">\n\t\t\t\t\t\t<div class=\"elementor-element elementor-element-bbfd31e elementor-flip-box--effect-flip elementor-flip-box--direction-up elementor-widget elementor-widget-flip-box\" data-id=\"bbfd31e\" data-element_type=\"widget\" data-e-type=\"widget\" data-widget_type=\"flip-box.default\">\n\t\t\t\t<div class=\"elementor-widget-container\">\n\t\t\t\t\t\t\t<div class=\"elementor-flip-box\" tabindex=\"0\">\n\t\t\t<div class=\"elementor-flip-box__layer elementor-flip-box__front\">\n\t\t\t\t<div class=\"elementor-flip-box__layer__overlay\">\n\t\t\t\t\t<div class=\"elementor-flip-box__layer__inner\">\n\t\t\t\t\t\t\t\t\t\t\t\t\t<div class=\"elementor-icon-wrapper elementor-view-default\">\n\t\t\t\t\t\t\t\t<div class=\"elementor-icon\">\n\t\t\t\t\t\t\t\t\t<i aria-hidden=\"true\" class=\"fas fa-book-reader\"><\/i>\t\t\t\t\t\t\t\t<\/div>\n\t\t\t\t\t\t\t<\/div>\n\t\t\t\t\t\t\n\t\t\t\t\t\t\t\t\t\t\t\t\t<h3 class=\"elementor-flip-box__layer__title\">\n\t\t\t\t\t\t\t\tGlaces &amp; Desserts\t\t\t\t\t\t\t<\/h3>\n\t\t\t\t\t\t\n\t\t\t\t\t\t\t\t\t\t\t\t\t<div class=\"elementor-flip-box__layer__description\">\n\t\t\t\t\t\t\t\t\u00e0 emporter\t\t\t\t\t\t\t<\/div>\n\t\t\t\t\t\t\t\t\t\t\t<\/div>\n\t\t\t\t<\/div>\n\t\t\t<\/div>\n\t\t\t<a class=\"elementor-flip-box__layer elementor-flip-box__back\" href=\"https:\/\/www.alsput.com\/menu\/ijs_desserts_ta_23.pdf\" target=\"_blank\">\n\t\t\t<div class=\"elementor-flip-box__layer__overlay\">\n\t\t\t\t<div class=\"elementor-flip-box__layer__inner\">\n\t\t\t\t\t\t\t\t\t\t\t<h3 class=\"elementor-flip-box__layer__title\">\n\t\t\t\t\t\t\tGlaces &amp; Desserts\t\t\t\t\t\t<\/h3>\n\t\t\t\t\t\n\t\t\t\t\t\t\t\t\t\t\t<div class=\"elementor-flip-box__layer__description\">\n\t\t\t\t\t\t\t\u00e0 emporter\t\t\t\t\t\t<\/div>\n\t\t\t\t\t\n\t\t\t\t\t\t\t\t\t\t\t<span class=\"elementor-flip-box__button elementor-button elementor-size-sm\">\n\t\t\t\t\t\t\tvoir la carte\t\t\t\t\t\t<\/span>\n\t\t\t\t\t\t\t\t<\/div>\n\t\t<\/div>\n\t\t<\/a>\n\t\t<\/div>\n\t\t\t\t\t\t<\/div>\n\t\t\t\t<\/div>\n\t\t\t\t\t<\/div>\n\t\t<\/div>\n\t\t\t\t<div class=\"elementor-column elementor-col-25 elementor-inner-column elementor-element elementor-element-76bbdbe\" data-id=\"76bbdbe\" data-element_type=\"column\" data-e-type=\"column\">\n\t\t\t<div class=\"elementor-widget-wrap\">\n\t\t\t\t\t\t\t<\/div>\n\t\t<\/div>\n\t\t\t\t\t<\/div>\n\t\t<\/section>\n\t\t\t\t\t<\/div>\n\t\t<\/div>\n\t\t\t\t\t<\/div>\n\t\t<\/section>\n\t\t\t\t<\/div>\n\t\t","protected":false},"excerpt":{"rendered":"<p>Nous sommes ouverts tous les jours, \u00e9galement pour nos d\u00e9licieux plats \u00e0 emporter, nos menus du jour et nos offres saisonni\u00e8res. Faites votre choix ici et commandez en appelant le 02 356 76 47 ou en vous rendant sur mieke@alsput.com. A bient\u00f4t ! Alsput Service Traiteur Alsput Service Traiteur info Menu du jour Du lundi [&hellip;]<\/p>\n","protected":false},"author":3,"featured_media":0,"parent":0,"menu_order":0,"comment_status":"closed","ping_status":"closed","template":"","meta":{"footnotes":""},"class_list":["post-761","page","type-page","status-publish","hentry"],"yoast_head":"<!-- This site is optimized with the Yoast SEO plugin v27.4 - https:\/\/yoast.com\/product\/yoast-seo-wordpress\/ -->\n<title>Taverne, traiteur \u00e0 emporter - Alsput - hotel \/ Restaurant<\/title>\n<meta name=\"robots\" content=\"index, follow, max-snippet:-1, max-image-preview:large, max-video-preview:-1\" \/>\n<link rel=\"canonical\" href=\"https:\/\/www.alsput.com\/fr\/taverne-traiteur-a-emporter\/\" \/>\n<meta property=\"og:locale\" content=\"fr_FR\" \/>\n<meta property=\"og:type\" content=\"article\" \/>\n<meta property=\"og:title\" content=\"Taverne, traiteur \u00e0 emporter - Alsput - hotel \/ Restaurant\" \/>\n<meta property=\"og:description\" content=\"Nous sommes ouverts tous les jours, \u00e9galement pour nos d\u00e9licieux plats \u00e0 emporter, nos menus du jour et nos offres saisonni\u00e8res. Faites votre choix ici et commandez en appelant le 02 356 76 47 ou en vous rendant sur mieke@alsput.com. A bient\u00f4t ! Alsput Service Traiteur Alsput Service Traiteur info Menu du jour Du lundi [&hellip;]\" \/>\n<meta property=\"og:url\" content=\"https:\/\/www.alsput.com\/fr\/taverne-traiteur-a-emporter\/\" \/>\n<meta property=\"og:site_name\" content=\"Alsput - hotel \/ Restaurant\" \/>\n<meta property=\"article:publisher\" content=\"https:\/\/www.facebook.com\/Alsput\/\" \/>\n<meta property=\"article:modified_time\" content=\"2026-02-21T10:01:43+00:00\" \/>\n<meta name=\"twitter:card\" content=\"summary_large_image\" \/>\n<meta name=\"twitter:label1\" content=\"Dur\u00e9e de lecture estim\u00e9e\" \/>\n\t<meta name=\"twitter:data1\" content=\"1 minute\" \/>\n<script type=\"application\/ld+json\" class=\"yoast-schema-graph\">{\"@context\":\"https:\\\/\\\/schema.org\",\"@graph\":[{\"@type\":\"WebPage\",\"@id\":\"https:\\\/\\\/www.alsput.com\\\/fr\\\/taverne-traiteur-a-emporter\\\/\",\"url\":\"https:\\\/\\\/www.alsput.com\\\/fr\\\/taverne-traiteur-a-emporter\\\/\",\"name\":\"Taverne, traiteur \u00e0 emporter - Alsput - hotel \\\/ Restaurant\",\"isPartOf\":{\"@id\":\"https:\\\/\\\/www.alsput.com\\\/fr\\\/#website\"},\"datePublished\":\"2020-12-05T14:07:10+00:00\",\"dateModified\":\"2026-02-21T10:01:43+00:00\",\"breadcrumb\":{\"@id\":\"https:\\\/\\\/www.alsput.com\\\/fr\\\/taverne-traiteur-a-emporter\\\/#breadcrumb\"},\"inLanguage\":\"fr-FR\",\"potentialAction\":[{\"@type\":\"ReadAction\",\"target\":[\"https:\\\/\\\/www.alsput.com\\\/fr\\\/taverne-traiteur-a-emporter\\\/\"]}]},{\"@type\":\"BreadcrumbList\",\"@id\":\"https:\\\/\\\/www.alsput.com\\\/fr\\\/taverne-traiteur-a-emporter\\\/#breadcrumb\",\"itemListElement\":[{\"@type\":\"ListItem\",\"position\":1,\"name\":\"Home\",\"item\":\"https:\\\/\\\/www.alsput.com\\\/fr\\\/\"},{\"@type\":\"ListItem\",\"position\":2,\"name\":\"Taverne, traiteur \u00e0 emporter\"}]},{\"@type\":\"WebSite\",\"@id\":\"https:\\\/\\\/www.alsput.com\\\/fr\\\/#website\",\"url\":\"https:\\\/\\\/www.alsput.com\\\/fr\\\/\",\"name\":\"Alsput - Hotel \\\/ Restaurant\",\"description\":\"hotel-restaurant-taverne\",\"publisher\":{\"@id\":\"https:\\\/\\\/www.alsput.com\\\/fr\\\/#organization\"},\"potentialAction\":[{\"@type\":\"SearchAction\",\"target\":{\"@type\":\"EntryPoint\",\"urlTemplate\":\"https:\\\/\\\/www.alsput.com\\\/fr\\\/?s={search_term_string}\"},\"query-input\":{\"@type\":\"PropertyValueSpecification\",\"valueRequired\":true,\"valueName\":\"search_term_string\"}}],\"inLanguage\":\"fr-FR\"},{\"@type\":\"Organization\",\"@id\":\"https:\\\/\\\/www.alsput.com\\\/fr\\\/#organization\",\"name\":\"Hotel \\\/ Restaurant Alsput\",\"url\":\"https:\\\/\\\/www.alsput.com\\\/fr\\\/\",\"logo\":{\"@type\":\"ImageObject\",\"inLanguage\":\"fr-FR\",\"@id\":\"https:\\\/\\\/www.alsput.com\\\/fr\\\/#\\\/schema\\\/logo\\\/image\\\/\",\"url\":\"https:\\\/\\\/www.alsput.com\\\/wp-content\\\/uploads\\\/2020\\\/01\\\/favicon.png\",\"contentUrl\":\"https:\\\/\\\/www.alsput.com\\\/wp-content\\\/uploads\\\/2020\\\/01\\\/favicon.png\",\"width\":512,\"height\":512,\"caption\":\"Hotel \\\/ Restaurant Alsput\"},\"image\":{\"@id\":\"https:\\\/\\\/www.alsput.com\\\/fr\\\/#\\\/schema\\\/logo\\\/image\\\/\"},\"sameAs\":[\"https:\\\/\\\/www.facebook.com\\\/Alsput\\\/\"]}]}<\/script>\n<!-- \/ Yoast SEO plugin. -->","yoast_head_json":{"title":"Taverne, traiteur \u00e0 emporter - Alsput - hotel \/ Restaurant","robots":{"index":"index","follow":"follow","max-snippet":"max-snippet:-1","max-image-preview":"max-image-preview:large","max-video-preview":"max-video-preview:-1"},"canonical":"https:\/\/www.alsput.com\/fr\/taverne-traiteur-a-emporter\/","og_locale":"fr_FR","og_type":"article","og_title":"Taverne, traiteur \u00e0 emporter - Alsput - hotel \/ Restaurant","og_description":"Nous sommes ouverts tous les jours, \u00e9galement pour nos d\u00e9licieux plats \u00e0 emporter, nos menus du jour et nos offres saisonni\u00e8res. Faites votre choix ici et commandez en appelant le 02 356 76 47 ou en vous rendant sur mieke@alsput.com. A bient\u00f4t ! Alsput Service Traiteur Alsput Service Traiteur info Menu du jour Du lundi [&hellip;]","og_url":"https:\/\/www.alsput.com\/fr\/taverne-traiteur-a-emporter\/","og_site_name":"Alsput - hotel \/ Restaurant","article_publisher":"https:\/\/www.facebook.com\/Alsput\/","article_modified_time":"2026-02-21T10:01:43+00:00","twitter_card":"summary_large_image","twitter_misc":{"Dur\u00e9e de lecture estim\u00e9e":"1 minute"},"schema":{"@context":"https:\/\/schema.org","@graph":[{"@type":"WebPage","@id":"https:\/\/www.alsput.com\/fr\/taverne-traiteur-a-emporter\/","url":"https:\/\/www.alsput.com\/fr\/taverne-traiteur-a-emporter\/","name":"Taverne, traiteur \u00e0 emporter - Alsput - hotel \/ Restaurant","isPartOf":{"@id":"https:\/\/www.alsput.com\/fr\/#website"},"datePublished":"2020-12-05T14:07:10+00:00","dateModified":"2026-02-21T10:01:43+00:00","breadcrumb":{"@id":"https:\/\/www.alsput.com\/fr\/taverne-traiteur-a-emporter\/#breadcrumb"},"inLanguage":"fr-FR","potentialAction":[{"@type":"ReadAction","target":["https:\/\/www.alsput.com\/fr\/taverne-traiteur-a-emporter\/"]}]},{"@type":"BreadcrumbList","@id":"https:\/\/www.alsput.com\/fr\/taverne-traiteur-a-emporter\/#breadcrumb","itemListElement":[{"@type":"ListItem","position":1,"name":"Home","item":"https:\/\/www.alsput.com\/fr\/"},{"@type":"ListItem","position":2,"name":"Taverne, traiteur \u00e0 emporter"}]},{"@type":"WebSite","@id":"https:\/\/www.alsput.com\/fr\/#website","url":"https:\/\/www.alsput.com\/fr\/","name":"Alsput - Hotel \/ Restaurant","description":"hotel-restaurant-taverne","publisher":{"@id":"https:\/\/www.alsput.com\/fr\/#organization"},"potentialAction":[{"@type":"SearchAction","target":{"@type":"EntryPoint","urlTemplate":"https:\/\/www.alsput.com\/fr\/?s={search_term_string}"},"query-input":{"@type":"PropertyValueSpecification","valueRequired":true,"valueName":"search_term_string"}}],"inLanguage":"fr-FR"},{"@type":"Organization","@id":"https:\/\/www.alsput.com\/fr\/#organization","name":"Hotel \/ Restaurant Alsput","url":"https:\/\/www.alsput.com\/fr\/","logo":{"@type":"ImageObject","inLanguage":"fr-FR","@id":"https:\/\/www.alsput.com\/fr\/#\/schema\/logo\/image\/","url":"https:\/\/www.alsput.com\/wp-content\/uploads\/2020\/01\/favicon.png","contentUrl":"https:\/\/www.alsput.com\/wp-content\/uploads\/2020\/01\/favicon.png","width":512,"height":512,"caption":"Hotel \/ Restaurant Alsput"},"image":{"@id":"https:\/\/www.alsput.com\/fr\/#\/schema\/logo\/image\/"},"sameAs":["https:\/\/www.facebook.com\/Alsput\/"]}]}},"_links":{"self":[{"href":"https:\/\/www.alsput.com\/fr\/wp-json\/wp\/v2\/pages\/761","targetHints":{"allow":["GET"]}}],"collection":[{"href":"https:\/\/www.alsput.com\/fr\/wp-json\/wp\/v2\/pages"}],"about":[{"href":"https:\/\/www.alsput.com\/fr\/wp-json\/wp\/v2\/types\/page"}],"author":[{"embeddable":true,"href":"https:\/\/www.alsput.com\/fr\/wp-json\/wp\/v2\/users\/3"}],"replies":[{"embeddable":true,"href":"https:\/\/www.alsput.com\/fr\/wp-json\/wp\/v2\/comments?post=761"}],"version-history":[{"count":0,"href":"https:\/\/www.alsput.com\/fr\/wp-json\/wp\/v2\/pages\/761\/revisions"}],"wp:attachment":[{"href":"https:\/\/www.alsput.com\/fr\/wp-json\/wp\/v2\/media?parent=761"}],"curies":[{"name":"wp","href":"https:\/\/api.w.org\/{rel}","templated":true}]}}