{"id":414,"date":"2020-03-21T16:12:07","date_gmt":"2020-03-21T15:12:07","guid":{"rendered":"https:\/\/www.alsput.com\/services-supplementaire\/repas-funebre\/"},"modified":"2020-03-21T16:12:07","modified_gmt":"2020-03-21T15:12:07","slug":"repas-funebre","status":"publish","type":"page","link":"https:\/\/www.alsput.com\/fr\/services-supplementaire\/repas-funebre\/","title":{"rendered":"Repas fun\u00e8bre"},"content":{"rendered":"\t\t<div data-elementor-type=\"wp-page\" data-elementor-id=\"414\" class=\"elementor elementor-414 elementor-225\" data-elementor-post-type=\"page\">\n\t\t\t\t\t\t<section class=\"elementor-section elementor-top-section elementor-element elementor-element-502d5ab elementor-section-height-min-height elementor-section-content-middle elementor-section-boxed elementor-section-height-default elementor-section-items-middle\" data-id=\"502d5ab\" data-element_type=\"section\" data-e-type=\"section\" data-settings=\"{&quot;background_background&quot;:&quot;classic&quot;}\">\n\t\t\t\t\t\t<div class=\"elementor-container elementor-column-gap-default\">\n\t\t\t\t\t<div class=\"elementor-column elementor-col-100 elementor-top-column elementor-element elementor-element-ab7581e\" data-id=\"ab7581e\" data-element_type=\"column\" data-e-type=\"column\">\n\t\t\t<div class=\"elementor-widget-wrap\">\n\t\t\t\t\t\t\t<\/div>\n\t\t<\/div>\n\t\t\t\t\t<\/div>\n\t\t<\/section>\n\t\t\t\t<section class=\"elementor-section elementor-top-section elementor-element elementor-element-6b04e54 elementor-section-content-middle elementor-section-boxed elementor-section-height-default elementor-section-height-default\" data-id=\"6b04e54\" data-element_type=\"section\" data-e-type=\"section\">\n\t\t\t\t\t\t<div class=\"elementor-container elementor-column-gap-no\">\n\t\t\t\t\t<div class=\"elementor-column elementor-col-100 elementor-top-column elementor-element elementor-element-844de33\" data-id=\"844de33\" data-element_type=\"column\" data-e-type=\"column\" data-settings=\"{&quot;background_background&quot;:&quot;classic&quot;}\">\n\t\t\t<div class=\"elementor-widget-wrap elementor-element-populated\">\n\t\t\t\t\t\t<div class=\"elementor-element elementor-element-442e72f elementor-widget-divider--view-line elementor-widget elementor-widget-divider\" data-id=\"442e72f\" data-element_type=\"widget\" data-e-type=\"widget\" data-widget_type=\"divider.default\">\n\t\t\t\t<div class=\"elementor-widget-container\">\n\t\t\t\t\t\t\t<div class=\"elementor-divider\">\n\t\t\t<span class=\"elementor-divider-separator\">\n\t\t\t\t\t\t<\/span>\n\t\t<\/div>\n\t\t\t\t\t\t<\/div>\n\t\t\t\t<\/div>\n\t\t\t\t<div class=\"elementor-element elementor-element-ddb8aa4 elementor-widget elementor-widget-text-editor\" data-id=\"ddb8aa4\" data-element_type=\"widget\" data-e-type=\"widget\" data-widget_type=\"text-editor.default\">\n\t\t\t\t<div class=\"elementor-widget-container\">\n\t\t\t\t\t\t\t\t\t<p>Dire adieu \u00e0 un membre cher de la famille&#8230; Il existe de meilleures occasions de rencontre, mais malheureusement ces moments difficiles font aussi partie de la vie. \u00c0 l\u2019Alsput, nous essayons de rendre ces adieux un peu plus supportables, en vous aidant \u00e0 organiser le repas fun\u00e8bre. En principe, nous servons un buffet fun\u00e8bre complet, mais d&rsquo;autres formules sont possibles. Vous pr\u00e9f\u00e9rez un repas chaud complet ? Nous nous assurerons que les proches du (de la) d\u00e9funt(e) ne manquent de rien.<\/p>\n\t\t\t\t\t\t\t\t<\/div>\n\t\t\t\t<\/div>\n\t\t\t\t<div class=\"elementor-element elementor-element-b3220c1 elementor-widget elementor-widget-button\" data-id=\"b3220c1\" data-element_type=\"widget\" data-e-type=\"widget\" data-widget_type=\"button.default\">\n\t\t\t\t<div class=\"elementor-widget-container\">\n\t\t\t\t\t\t\t\t\t<div class=\"elementor-button-wrapper\">\n\t\t\t\t\t<a class=\"elementor-button elementor-button-link elementor-size-md\" href=\"https:\/\/www.alsput.com\/fr\/contactez-nous\/\">\n\t\t\t\t\t\t<span class=\"elementor-button-content-wrapper\">\n\t\t\t\t\t\t\t\t\t<span class=\"elementor-button-text\">Contactez-nous<\/span>\n\t\t\t\t\t<\/span>\n\t\t\t\t\t<\/a>\n\t\t\t\t<\/div>\n\t\t\t\t\t\t\t\t<\/div>\n\t\t\t\t<\/div>\n\t\t\t\t\t<\/div>\n\t\t<\/div>\n\t\t\t\t\t<\/div>\n\t\t<\/section>\n\t\t\t\t<\/div>\n\t\t","protected":false},"excerpt":{"rendered":"<p>Dire adieu \u00e0 un membre cher de la famille&#8230; Il existe de meilleures occasions de rencontre, mais malheureusement ces moments difficiles font aussi partie de la vie. \u00c0 l\u2019Alsput, nous essayons de rendre ces adieux un peu plus supportables, en vous aidant \u00e0 organiser le repas fun\u00e8bre. En principe, nous servons un buffet fun\u00e8bre complet, [&hellip;]<\/p>\n","protected":false},"author":3,"featured_media":0,"parent":386,"menu_order":0,"comment_status":"closed","ping_status":"closed","template":"","meta":{"footnotes":""},"class_list":["post-414","page","type-page","status-publish","hentry"],"yoast_head":"<!-- This site is optimized with the Yoast SEO plugin v27.5 - https:\/\/yoast.com\/product\/yoast-seo-wordpress\/ -->\n<title>Repas fun\u00e8bre - Alsput - hotel \/ Restaurant<\/title>\n<meta name=\"robots\" content=\"index, follow, max-snippet:-1, max-image-preview:large, max-video-preview:-1\" \/>\n<link rel=\"canonical\" href=\"https:\/\/www.alsput.com\/fr\/services-supplementaire\/repas-funebre\/\" \/>\n<meta property=\"og:locale\" content=\"fr_FR\" \/>\n<meta property=\"og:type\" content=\"article\" \/>\n<meta property=\"og:title\" content=\"Repas fun\u00e8bre - Alsput - hotel \/ Restaurant\" \/>\n<meta property=\"og:description\" content=\"Dire adieu \u00e0 un membre cher de la famille&#8230; Il existe de meilleures occasions de rencontre, mais malheureusement ces moments difficiles font aussi partie de la vie. \u00c0 l\u2019Alsput, nous essayons de rendre ces adieux un peu plus supportables, en vous aidant \u00e0 organiser le repas fun\u00e8bre. En principe, nous servons un buffet fun\u00e8bre complet, [&hellip;]\" \/>\n<meta property=\"og:url\" content=\"https:\/\/www.alsput.com\/fr\/services-supplementaire\/repas-funebre\/\" \/>\n<meta property=\"og:site_name\" content=\"Alsput - hotel \/ Restaurant\" \/>\n<meta property=\"article:publisher\" content=\"https:\/\/www.facebook.com\/Alsput\/\" \/>\n<meta name=\"twitter:card\" content=\"summary_large_image\" \/>\n<script type=\"application\/ld+json\" class=\"yoast-schema-graph\">{\"@context\":\"https:\\\/\\\/schema.org\",\"@graph\":[{\"@type\":\"WebPage\",\"@id\":\"https:\\\/\\\/www.alsput.com\\\/fr\\\/services-supplementaire\\\/repas-funebre\\\/\",\"url\":\"https:\\\/\\\/www.alsput.com\\\/fr\\\/services-supplementaire\\\/repas-funebre\\\/\",\"name\":\"Repas fun\u00e8bre - Alsput - hotel \\\/ Restaurant\",\"isPartOf\":{\"@id\":\"https:\\\/\\\/www.alsput.com\\\/fr\\\/#website\"},\"datePublished\":\"2020-03-21T15:12:07+00:00\",\"breadcrumb\":{\"@id\":\"https:\\\/\\\/www.alsput.com\\\/fr\\\/services-supplementaire\\\/repas-funebre\\\/#breadcrumb\"},\"inLanguage\":\"fr-FR\",\"potentialAction\":[{\"@type\":\"ReadAction\",\"target\":[\"https:\\\/\\\/www.alsput.com\\\/fr\\\/services-supplementaire\\\/repas-funebre\\\/\"]}]},{\"@type\":\"BreadcrumbList\",\"@id\":\"https:\\\/\\\/www.alsput.com\\\/fr\\\/services-supplementaire\\\/repas-funebre\\\/#breadcrumb\",\"itemListElement\":[{\"@type\":\"ListItem\",\"position\":1,\"name\":\"Home\",\"item\":\"https:\\\/\\\/www.alsput.com\\\/fr\\\/\"},{\"@type\":\"ListItem\",\"position\":2,\"name\":\"Autre services\",\"item\":\"https:\\\/\\\/www.alsput.com\\\/fr\\\/services-supplementaire\\\/\"},{\"@type\":\"ListItem\",\"position\":3,\"name\":\"Repas fun\u00e8bre\"}]},{\"@type\":\"WebSite\",\"@id\":\"https:\\\/\\\/www.alsput.com\\\/fr\\\/#website\",\"url\":\"https:\\\/\\\/www.alsput.com\\\/fr\\\/\",\"name\":\"Alsput - Hotel \\\/ Restaurant\",\"description\":\"hotel-restaurant-taverne\",\"publisher\":{\"@id\":\"https:\\\/\\\/www.alsput.com\\\/fr\\\/#organization\"},\"potentialAction\":[{\"@type\":\"SearchAction\",\"target\":{\"@type\":\"EntryPoint\",\"urlTemplate\":\"https:\\\/\\\/www.alsput.com\\\/fr\\\/?s={search_term_string}\"},\"query-input\":{\"@type\":\"PropertyValueSpecification\",\"valueRequired\":true,\"valueName\":\"search_term_string\"}}],\"inLanguage\":\"fr-FR\"},{\"@type\":\"Organization\",\"@id\":\"https:\\\/\\\/www.alsput.com\\\/fr\\\/#organization\",\"name\":\"Hotel \\\/ Restaurant Alsput\",\"url\":\"https:\\\/\\\/www.alsput.com\\\/fr\\\/\",\"logo\":{\"@type\":\"ImageObject\",\"inLanguage\":\"fr-FR\",\"@id\":\"https:\\\/\\\/www.alsput.com\\\/fr\\\/#\\\/schema\\\/logo\\\/image\\\/\",\"url\":\"https:\\\/\\\/www.alsput.com\\\/wp-content\\\/uploads\\\/2020\\\/01\\\/favicon.png\",\"contentUrl\":\"https:\\\/\\\/www.alsput.com\\\/wp-content\\\/uploads\\\/2020\\\/01\\\/favicon.png\",\"width\":512,\"height\":512,\"caption\":\"Hotel \\\/ Restaurant Alsput\"},\"image\":{\"@id\":\"https:\\\/\\\/www.alsput.com\\\/fr\\\/#\\\/schema\\\/logo\\\/image\\\/\"},\"sameAs\":[\"https:\\\/\\\/www.facebook.com\\\/Alsput\\\/\"]}]}<\/script>\n<!-- \/ Yoast SEO plugin. -->","yoast_head_json":{"title":"Repas fun\u00e8bre - Alsput - hotel \/ Restaurant","robots":{"index":"index","follow":"follow","max-snippet":"max-snippet:-1","max-image-preview":"max-image-preview:large","max-video-preview":"max-video-preview:-1"},"canonical":"https:\/\/www.alsput.com\/fr\/services-supplementaire\/repas-funebre\/","og_locale":"fr_FR","og_type":"article","og_title":"Repas fun\u00e8bre - Alsput - hotel \/ Restaurant","og_description":"Dire adieu \u00e0 un membre cher de la famille&#8230; Il existe de meilleures occasions de rencontre, mais malheureusement ces moments difficiles font aussi partie de la vie. \u00c0 l\u2019Alsput, nous essayons de rendre ces adieux un peu plus supportables, en vous aidant \u00e0 organiser le repas fun\u00e8bre. En principe, nous servons un buffet fun\u00e8bre complet, [&hellip;]","og_url":"https:\/\/www.alsput.com\/fr\/services-supplementaire\/repas-funebre\/","og_site_name":"Alsput - hotel \/ Restaurant","article_publisher":"https:\/\/www.facebook.com\/Alsput\/","twitter_card":"summary_large_image","schema":{"@context":"https:\/\/schema.org","@graph":[{"@type":"WebPage","@id":"https:\/\/www.alsput.com\/fr\/services-supplementaire\/repas-funebre\/","url":"https:\/\/www.alsput.com\/fr\/services-supplementaire\/repas-funebre\/","name":"Repas fun\u00e8bre - Alsput - hotel \/ Restaurant","isPartOf":{"@id":"https:\/\/www.alsput.com\/fr\/#website"},"datePublished":"2020-03-21T15:12:07+00:00","breadcrumb":{"@id":"https:\/\/www.alsput.com\/fr\/services-supplementaire\/repas-funebre\/#breadcrumb"},"inLanguage":"fr-FR","potentialAction":[{"@type":"ReadAction","target":["https:\/\/www.alsput.com\/fr\/services-supplementaire\/repas-funebre\/"]}]},{"@type":"BreadcrumbList","@id":"https:\/\/www.alsput.com\/fr\/services-supplementaire\/repas-funebre\/#breadcrumb","itemListElement":[{"@type":"ListItem","position":1,"name":"Home","item":"https:\/\/www.alsput.com\/fr\/"},{"@type":"ListItem","position":2,"name":"Autre services","item":"https:\/\/www.alsput.com\/fr\/services-supplementaire\/"},{"@type":"ListItem","position":3,"name":"Repas fun\u00e8bre"}]},{"@type":"WebSite","@id":"https:\/\/www.alsput.com\/fr\/#website","url":"https:\/\/www.alsput.com\/fr\/","name":"Alsput - Hotel \/ Restaurant","description":"hotel-restaurant-taverne","publisher":{"@id":"https:\/\/www.alsput.com\/fr\/#organization"},"potentialAction":[{"@type":"SearchAction","target":{"@type":"EntryPoint","urlTemplate":"https:\/\/www.alsput.com\/fr\/?s={search_term_string}"},"query-input":{"@type":"PropertyValueSpecification","valueRequired":true,"valueName":"search_term_string"}}],"inLanguage":"fr-FR"},{"@type":"Organization","@id":"https:\/\/www.alsput.com\/fr\/#organization","name":"Hotel \/ Restaurant Alsput","url":"https:\/\/www.alsput.com\/fr\/","logo":{"@type":"ImageObject","inLanguage":"fr-FR","@id":"https:\/\/www.alsput.com\/fr\/#\/schema\/logo\/image\/","url":"https:\/\/www.alsput.com\/wp-content\/uploads\/2020\/01\/favicon.png","contentUrl":"https:\/\/www.alsput.com\/wp-content\/uploads\/2020\/01\/favicon.png","width":512,"height":512,"caption":"Hotel \/ Restaurant Alsput"},"image":{"@id":"https:\/\/www.alsput.com\/fr\/#\/schema\/logo\/image\/"},"sameAs":["https:\/\/www.facebook.com\/Alsput\/"]}]}},"_links":{"self":[{"href":"https:\/\/www.alsput.com\/fr\/wp-json\/wp\/v2\/pages\/414","targetHints":{"allow":["GET"]}}],"collection":[{"href":"https:\/\/www.alsput.com\/fr\/wp-json\/wp\/v2\/pages"}],"about":[{"href":"https:\/\/www.alsput.com\/fr\/wp-json\/wp\/v2\/types\/page"}],"author":[{"embeddable":true,"href":"https:\/\/www.alsput.com\/fr\/wp-json\/wp\/v2\/users\/3"}],"replies":[{"embeddable":true,"href":"https:\/\/www.alsput.com\/fr\/wp-json\/wp\/v2\/comments?post=414"}],"version-history":[{"count":0,"href":"https:\/\/www.alsput.com\/fr\/wp-json\/wp\/v2\/pages\/414\/revisions"}],"up":[{"embeddable":true,"href":"https:\/\/www.alsput.com\/fr\/wp-json\/wp\/v2\/pages\/386"}],"wp:attachment":[{"href":"https:\/\/www.alsput.com\/fr\/wp-json\/wp\/v2\/media?parent=414"}],"curies":[{"name":"wp","href":"https:\/\/api.w.org\/{rel}","templated":true}]}}