{"id":751,"date":"2020-04-20T18:33:25","date_gmt":"2020-04-20T16:33:25","guid":{"rendered":"https:\/\/www.alsput.com\/sehenswuerdigkeiten\/"},"modified":"2026-04-29T15:20:07","modified_gmt":"2026-04-29T13:20:07","slug":"sehenswuerdigkeiten","status":"publish","type":"page","link":"https:\/\/www.alsput.com\/de\/sehenswuerdigkeiten\/","title":{"rendered":"Sehensw\u00fcrdigkeiten"},"content":{"rendered":"\t\t<div data-elementor-type=\"wp-page\" data-elementor-id=\"751\" class=\"elementor elementor-751 elementor-739\" data-elementor-post-type=\"page\">\n\t\t\t\t\t\t<section class=\"elementor-section elementor-top-section elementor-element elementor-element-d72c9df elementor-section-height-min-height elementor-section-content-middle elementor-section-boxed elementor-section-height-default elementor-section-items-middle\" data-id=\"d72c9df\" data-element_type=\"section\" data-e-type=\"section\" data-settings=\"{&quot;background_background&quot;:&quot;classic&quot;}\">\n\t\t\t\t\t\t<div class=\"elementor-container elementor-column-gap-default\">\n\t\t\t\t\t<div class=\"elementor-column elementor-col-100 elementor-top-column elementor-element elementor-element-879024b\" data-id=\"879024b\" data-element_type=\"column\" data-e-type=\"column\">\n\t\t\t<div class=\"elementor-widget-wrap\">\n\t\t\t\t\t\t\t<\/div>\n\t\t<\/div>\n\t\t\t\t\t<\/div>\n\t\t<\/section>\n\t\t\t\t<section class=\"elementor-section elementor-top-section elementor-element elementor-element-7055a05 elementor-section-content-middle elementor-section-boxed elementor-section-height-default elementor-section-height-default\" data-id=\"7055a05\" data-element_type=\"section\" data-e-type=\"section\">\n\t\t\t\t\t\t<div class=\"elementor-container elementor-column-gap-no\">\n\t\t\t\t\t<div class=\"elementor-column elementor-col-100 elementor-top-column elementor-element elementor-element-3ee7292\" data-id=\"3ee7292\" data-element_type=\"column\" data-e-type=\"column\" data-settings=\"{&quot;background_background&quot;:&quot;classic&quot;}\">\n\t\t\t<div class=\"elementor-widget-wrap elementor-element-populated\">\n\t\t\t\t\t\t<div class=\"elementor-element elementor-element-a96cf7e elementor-widget-divider--view-line elementor-widget elementor-widget-divider\" data-id=\"a96cf7e\" data-element_type=\"widget\" data-e-type=\"widget\" data-widget_type=\"divider.default\">\n\t\t\t\t<div class=\"elementor-widget-container\">\n\t\t\t\t\t\t\t<div class=\"elementor-divider\">\n\t\t\t<span class=\"elementor-divider-separator\">\n\t\t\t\t\t\t<\/span>\n\t\t<\/div>\n\t\t\t\t\t\t<\/div>\n\t\t\t\t<\/div>\n\t\t\t\t<div class=\"elementor-element elementor-element-db7f422 elementor-widget elementor-widget-text-editor\" data-id=\"db7f422\" data-element_type=\"widget\" data-e-type=\"widget\" data-widget_type=\"text-editor.default\">\n\t\t\t\t<div class=\"elementor-widget-container\">\n\t\t\t\t\t\t\t\t\t<p>Genie\u00dfen Sie unsere Radrouten und Wandertouren, die Sie an den zahlreichen Sehensw\u00fcrdigkeiten der Gegend entlang f\u00fchren. Alsput liegt zwischen den Wanderknotenpunkten 392 und 394 und zwischen den Radknotenpunkten 66 und 70. Au\u00dferdem f\u00fchrt auch Flanderns Radroute LF6 bei uns vorbei.<\/p>\n\t\t\t\t\t\t\t\t<\/div>\n\t\t\t\t<\/div>\n\t\t\t\t<div class=\"elementor-element elementor-element-d32d394 elementor-widget elementor-widget-heading\" data-id=\"d32d394\" data-element_type=\"widget\" data-e-type=\"widget\" data-widget_type=\"heading.default\">\n\t\t\t\t<div class=\"elementor-widget-container\">\n\t\t\t\t\t<h2 class=\"elementor-heading-title elementor-size-default\">Halle<\/h2>\t\t\t\t<\/div>\n\t\t\t\t<\/div>\n\t\t\t\t<div class=\"elementor-element elementor-element-0a6cd60 elementor-widget-divider--view-line elementor-widget elementor-widget-divider\" data-id=\"0a6cd60\" data-element_type=\"widget\" data-e-type=\"widget\" data-widget_type=\"divider.default\">\n\t\t\t\t<div class=\"elementor-widget-container\">\n\t\t\t\t\t\t\t<div class=\"elementor-divider\">\n\t\t\t<span class=\"elementor-divider-separator\">\n\t\t\t\t\t\t<\/span>\n\t\t<\/div>\n\t\t\t\t\t\t<\/div>\n\t\t\t\t<\/div>\n\t\t\t\t<div class=\"elementor-element elementor-element-c4fe9aa elementor-widget elementor-widget-text-editor\" data-id=\"c4fe9aa\" data-element_type=\"widget\" data-e-type=\"widget\" data-widget_type=\"text-editor.default\">\n\t\t\t\t<div class=\"elementor-widget-container\">\n\t\t\t\t\t\t\t\t\t<ul>\r\n<li><a href=\"https:\/\/www.visithalle.be\/nl\/sint-martinusbasiliek\">Basilika mit historischem Stadtzentrum<\/a><\/li>\r\n<li><a href=\"https:\/\/www.hallerbos.be\/en\/\">Hallerbos<\/a><\/li>\r\n<li><a href=\"https:\/\/www.streekproductencentrum.be\">Zentrum f\u00fcr Regionalprodukte<\/a><\/li>\r\n<\/ul>\t\t\t\t\t\t\t\t<\/div>\n\t\t\t\t<\/div>\n\t\t\t\t<div class=\"elementor-element elementor-element-7f12dc5 elementor-widget elementor-widget-heading\" data-id=\"7f12dc5\" data-element_type=\"widget\" data-e-type=\"widget\" data-widget_type=\"heading.default\">\n\t\t\t\t<div class=\"elementor-widget-container\">\n\t\t\t\t\t<h2 class=\"elementor-heading-title elementor-size-default\">Gaasbeek<\/h2>\t\t\t\t<\/div>\n\t\t\t\t<\/div>\n\t\t\t\t<div class=\"elementor-element elementor-element-8e5f95a elementor-widget-divider--view-line elementor-widget elementor-widget-divider\" data-id=\"8e5f95a\" data-element_type=\"widget\" data-e-type=\"widget\" data-widget_type=\"divider.default\">\n\t\t\t\t<div class=\"elementor-widget-container\">\n\t\t\t\t\t\t\t<div class=\"elementor-divider\">\n\t\t\t<span class=\"elementor-divider-separator\">\n\t\t\t\t\t\t<\/span>\n\t\t<\/div>\n\t\t\t\t\t\t<\/div>\n\t\t\t\t<\/div>\n\t\t\t\t<div class=\"elementor-element elementor-element-adb7668 elementor-widget elementor-widget-text-editor\" data-id=\"adb7668\" data-element_type=\"widget\" data-e-type=\"widget\" data-widget_type=\"text-editor.default\">\n\t\t\t\t<div class=\"elementor-widget-container\">\n\t\t\t\t\t\t\t\t\t<ul>\r\n<li><a href=\"https:\/\/www.kasteelvangaasbeek.be\/de\">Schloss von Gaasbeek<\/a><\/li>\r\n<\/ul>\t\t\t\t\t\t\t\t<\/div>\n\t\t\t\t<\/div>\n\t\t\t\t<div class=\"elementor-element elementor-element-95618d8 elementor-widget elementor-widget-heading\" data-id=\"95618d8\" data-element_type=\"widget\" data-e-type=\"widget\" data-widget_type=\"heading.default\">\n\t\t\t\t<div class=\"elementor-widget-container\">\n\t\t\t\t\t<h2 class=\"elementor-heading-title elementor-size-default\">Sint-Pieters-Leeuw<\/h2>\t\t\t\t<\/div>\n\t\t\t\t<\/div>\n\t\t\t\t<div class=\"elementor-element elementor-element-722190a elementor-widget-divider--view-line elementor-widget elementor-widget-divider\" data-id=\"722190a\" data-element_type=\"widget\" data-e-type=\"widget\" data-widget_type=\"divider.default\">\n\t\t\t\t<div class=\"elementor-widget-container\">\n\t\t\t\t\t\t\t<div class=\"elementor-divider\">\n\t\t\t<span class=\"elementor-divider-separator\">\n\t\t\t\t\t\t<\/span>\n\t\t<\/div>\n\t\t\t\t\t\t<\/div>\n\t\t\t\t<\/div>\n\t\t\t\t<div class=\"elementor-element elementor-element-88753e4 elementor-widget elementor-widget-text-editor\" data-id=\"88753e4\" data-element_type=\"widget\" data-e-type=\"widget\" data-widget_type=\"text-editor.default\">\n\t\t\t\t<div class=\"elementor-widget-container\">\n\t\t\t\t\t\t\t\t\t<ul>\r\n<li><a href=\"https:\/\/www.natuurenbos.be\/natuurgebieden\/park-en-rozentuin-coloma\">Rosengarten Coloma<\/a><\/li>\r\n<\/ul>\t\t\t\t\t\t\t\t<\/div>\n\t\t\t\t<\/div>\n\t\t\t\t<div class=\"elementor-element elementor-element-4236db2 elementor-widget elementor-widget-heading\" data-id=\"4236db2\" data-element_type=\"widget\" data-e-type=\"widget\" data-widget_type=\"heading.default\">\n\t\t\t\t<div class=\"elementor-widget-container\">\n\t\t\t\t\t<h2 class=\"elementor-heading-title elementor-size-default\">Beersel<\/h2>\t\t\t\t<\/div>\n\t\t\t\t<\/div>\n\t\t\t\t<div class=\"elementor-element elementor-element-d7795ce elementor-widget-divider--view-line elementor-widget elementor-widget-divider\" data-id=\"d7795ce\" data-element_type=\"widget\" data-e-type=\"widget\" data-widget_type=\"divider.default\">\n\t\t\t\t<div class=\"elementor-widget-container\">\n\t\t\t\t\t\t\t<div class=\"elementor-divider\">\n\t\t\t<span class=\"elementor-divider-separator\">\n\t\t\t\t\t\t<\/span>\n\t\t<\/div>\n\t\t\t\t\t\t<\/div>\n\t\t\t\t<\/div>\n\t\t\t\t<div class=\"elementor-element elementor-element-c4e5b4c elementor-widget elementor-widget-text-editor\" data-id=\"c4e5b4c\" data-element_type=\"widget\" data-e-type=\"widget\" data-widget_type=\"text-editor.default\">\n\t\t\t\t<div class=\"elementor-widget-container\">\n\t\t\t\t\t\t\t\t\t<ul>\r\n<li><a href=\"https:\/\/de.visitbeersel.be\/Kasteel-Beersel\">Schloss von Beersel &#8211; historische Wasserburg<\/a><\/li>\r\n<li><a href=\"https:\/\/en.herisem.be\">Herisemmolen<\/a><\/li>\r\n<li><a href=\"http:\/\/de.visitbeersel.be\/product\/1045\/kirche-alsemberg\">Kerk van Alsemberg<\/a><\/li>\r\n<li><a href=\"http:\/\/de.delambiek.be\">Bezoekerscentrum De Lambiek<\/a><\/li>\r\n<li><a href=\"https:\/\/www.vlaamsbrabant.be\/nl\/vrije-tijd-en-toerisme\/provinciedomein-huizingen\">Provinciaal domein van Huizingen<\/a><\/li>\r\n<\/ul>\t\t\t\t\t\t\t\t<\/div>\n\t\t\t\t<\/div>\n\t\t\t\t<div class=\"elementor-element elementor-element-9394d54 elementor-widget elementor-widget-heading\" data-id=\"9394d54\" data-element_type=\"widget\" data-e-type=\"widget\" data-widget_type=\"heading.default\">\n\t\t\t\t<div class=\"elementor-widget-container\">\n\t\t\t\t\t<h2 class=\"elementor-heading-title elementor-size-default\">Land von Geuze, Kriek &amp; Obstwein \u2013 Regionalbrauereien Pajottenland &amp; Zenne-Tal<\/h2>\t\t\t\t<\/div>\n\t\t\t\t<\/div>\n\t\t\t\t<div class=\"elementor-element elementor-element-33ff163 elementor-widget-divider--view-line elementor-widget elementor-widget-divider\" data-id=\"33ff163\" data-element_type=\"widget\" data-e-type=\"widget\" data-widget_type=\"divider.default\">\n\t\t\t\t<div class=\"elementor-widget-container\">\n\t\t\t\t\t\t\t<div class=\"elementor-divider\">\n\t\t\t<span class=\"elementor-divider-separator\">\n\t\t\t\t\t\t<\/span>\n\t\t<\/div>\n\t\t\t\t\t\t<\/div>\n\t\t\t\t<\/div>\n\t\t\t\t<div class=\"elementor-element elementor-element-de54979 elementor-widget elementor-widget-text-editor\" data-id=\"de54979\" data-element_type=\"widget\" data-e-type=\"widget\" data-widget_type=\"text-editor.default\">\n\t\t\t\t<div class=\"elementor-widget-container\">\n\t\t\t\t\t\t\t\t\t<ul>\n<li><a href=\"https:\/\/boon.be\/en\">Die Brauerei Boon<\/a><\/li>\n<li><a href=\"https:\/\/www.lindemans.be\">Die Brauerei lindemans<\/a><\/li>\n<li><a href=\"http:\/\/toots.be\">Toots<\/a><\/li>\n<\/ul>\n\t\t\t\t\t\t\t\t<\/div>\n\t\t\t\t<\/div>\n\t\t\t\t<div class=\"elementor-element elementor-element-8aca5df elementor-widget elementor-widget-heading\" data-id=\"8aca5df\" data-element_type=\"widget\" data-e-type=\"widget\" data-widget_type=\"heading.default\">\n\t\t\t\t<div class=\"elementor-widget-container\">\n\t\t\t\t\t<h2 class=\"elementor-heading-title elementor-size-default\">De Brabantse Ardennen<\/h2>\t\t\t\t<\/div>\n\t\t\t\t<\/div>\n\t\t\t\t<div class=\"elementor-element elementor-element-400f70f elementor-widget-divider--view-line elementor-widget elementor-widget-divider\" data-id=\"400f70f\" data-element_type=\"widget\" data-e-type=\"widget\" data-widget_type=\"divider.default\">\n\t\t\t\t<div class=\"elementor-widget-container\">\n\t\t\t\t\t\t\t<div class=\"elementor-divider\">\n\t\t\t<span class=\"elementor-divider-separator\">\n\t\t\t\t\t\t<\/span>\n\t\t<\/div>\n\t\t\t\t\t\t<\/div>\n\t\t\t\t<\/div>\n\t\t\t\t<div class=\"elementor-element elementor-element-b124a6f elementor-widget elementor-widget-text-editor\" data-id=\"b124a6f\" data-element_type=\"widget\" data-e-type=\"widget\" data-widget_type=\"text-editor.default\">\n\t\t\t\t<div class=\"elementor-widget-container\">\n\t\t\t\t\t\t\t\t\t<ul>\n<li><a href=\"https:\/\/www.routeyou.com\/nl-be\/route\/view\/6599452\/recreatieve-fietsroute\/naar-de-brabantse-ardennen\" target=\"_blank\" rel=\"noopener\">Fietsroute naar de Brabantse Ardennen<\/a><\/li>\n<\/ul>\n\t\t\t\t\t\t\t\t<\/div>\n\t\t\t\t<\/div>\n\t\t\t\t\t<\/div>\n\t\t<\/div>\n\t\t\t\t\t<\/div>\n\t\t<\/section>\n\t\t\t\t<\/div>\n\t\t","protected":false},"excerpt":{"rendered":"<p>Genie\u00dfen Sie unsere Radrouten und Wandertouren, die Sie an den zahlreichen Sehensw\u00fcrdigkeiten der Gegend entlang f\u00fchren. Alsput liegt zwischen den Wanderknotenpunkten 392 und 394 und zwischen den Radknotenpunkten 66 und 70. Au\u00dferdem f\u00fchrt auch Flanderns Radroute LF6 bei uns vorbei. Halle Basilika mit historischem Stadtzentrum Hallerbos Zentrum f\u00fcr Regionalprodukte Gaasbeek Schloss von Gaasbeek Sint-Pieters-Leeuw Rosengarten [&hellip;]<\/p>\n","protected":false},"author":3,"featured_media":0,"parent":0,"menu_order":0,"comment_status":"closed","ping_status":"closed","template":"","meta":{"footnotes":""},"class_list":["post-751","page","type-page","status-publish","hentry"],"yoast_head":"<!-- This site is optimized with the Yoast SEO plugin v27.5 - https:\/\/yoast.com\/product\/yoast-seo-wordpress\/ -->\n<title>Sehensw\u00fcrdigkeiten - Alsput - hotel \/ Restaurant<\/title>\n<meta name=\"robots\" content=\"index, follow, max-snippet:-1, max-image-preview:large, max-video-preview:-1\" \/>\n<link rel=\"canonical\" href=\"https:\/\/www.alsput.com\/de\/sehenswuerdigkeiten\/\" \/>\n<meta property=\"og:locale\" content=\"de_DE\" \/>\n<meta property=\"og:type\" content=\"article\" \/>\n<meta property=\"og:title\" content=\"Sehensw\u00fcrdigkeiten - Alsput - hotel \/ Restaurant\" \/>\n<meta property=\"og:description\" content=\"Genie\u00dfen Sie unsere Radrouten und Wandertouren, die Sie an den zahlreichen Sehensw\u00fcrdigkeiten der Gegend entlang f\u00fchren. Alsput liegt zwischen den Wanderknotenpunkten 392 und 394 und zwischen den Radknotenpunkten 66 und 70. Au\u00dferdem f\u00fchrt auch Flanderns Radroute LF6 bei uns vorbei. Halle Basilika mit historischem Stadtzentrum Hallerbos Zentrum f\u00fcr Regionalprodukte Gaasbeek Schloss von Gaasbeek Sint-Pieters-Leeuw Rosengarten [&hellip;]\" \/>\n<meta property=\"og:url\" content=\"https:\/\/www.alsput.com\/de\/sehenswuerdigkeiten\/\" \/>\n<meta property=\"og:site_name\" content=\"Alsput - hotel \/ Restaurant\" \/>\n<meta property=\"article:publisher\" content=\"https:\/\/www.facebook.com\/Alsput\/\" \/>\n<meta property=\"article:modified_time\" content=\"2026-04-29T13:20:07+00:00\" \/>\n<meta name=\"twitter:card\" content=\"summary_large_image\" \/>\n<script type=\"application\/ld+json\" class=\"yoast-schema-graph\">{\"@context\":\"https:\\\/\\\/schema.org\",\"@graph\":[{\"@type\":\"WebPage\",\"@id\":\"https:\\\/\\\/www.alsput.com\\\/de\\\/sehenswuerdigkeiten\\\/\",\"url\":\"https:\\\/\\\/www.alsput.com\\\/de\\\/sehenswuerdigkeiten\\\/\",\"name\":\"Sehensw\u00fcrdigkeiten - Alsput - hotel \\\/ Restaurant\",\"isPartOf\":{\"@id\":\"https:\\\/\\\/www.alsput.com\\\/de\\\/#website\"},\"datePublished\":\"2020-04-20T16:33:25+00:00\",\"dateModified\":\"2026-04-29T13:20:07+00:00\",\"breadcrumb\":{\"@id\":\"https:\\\/\\\/www.alsput.com\\\/de\\\/sehenswuerdigkeiten\\\/#breadcrumb\"},\"inLanguage\":\"de\",\"potentialAction\":[{\"@type\":\"ReadAction\",\"target\":[\"https:\\\/\\\/www.alsput.com\\\/de\\\/sehenswuerdigkeiten\\\/\"]}]},{\"@type\":\"BreadcrumbList\",\"@id\":\"https:\\\/\\\/www.alsput.com\\\/de\\\/sehenswuerdigkeiten\\\/#breadcrumb\",\"itemListElement\":[{\"@type\":\"ListItem\",\"position\":1,\"name\":\"Home\",\"item\":\"https:\\\/\\\/www.alsput.com\\\/de\\\/\"},{\"@type\":\"ListItem\",\"position\":2,\"name\":\"Sehensw\u00fcrdigkeiten\"}]},{\"@type\":\"WebSite\",\"@id\":\"https:\\\/\\\/www.alsput.com\\\/de\\\/#website\",\"url\":\"https:\\\/\\\/www.alsput.com\\\/de\\\/\",\"name\":\"Alsput - Hotel \\\/ Restaurant\",\"description\":\"hotel-restaurant-taverne\",\"publisher\":{\"@id\":\"https:\\\/\\\/www.alsput.com\\\/de\\\/#organization\"},\"potentialAction\":[{\"@type\":\"SearchAction\",\"target\":{\"@type\":\"EntryPoint\",\"urlTemplate\":\"https:\\\/\\\/www.alsput.com\\\/de\\\/?s={search_term_string}\"},\"query-input\":{\"@type\":\"PropertyValueSpecification\",\"valueRequired\":true,\"valueName\":\"search_term_string\"}}],\"inLanguage\":\"de\"},{\"@type\":\"Organization\",\"@id\":\"https:\\\/\\\/www.alsput.com\\\/de\\\/#organization\",\"name\":\"Hotel \\\/ Restaurant Alsput\",\"url\":\"https:\\\/\\\/www.alsput.com\\\/de\\\/\",\"logo\":{\"@type\":\"ImageObject\",\"inLanguage\":\"de\",\"@id\":\"https:\\\/\\\/www.alsput.com\\\/de\\\/#\\\/schema\\\/logo\\\/image\\\/\",\"url\":\"https:\\\/\\\/www.alsput.com\\\/wp-content\\\/uploads\\\/2020\\\/01\\\/favicon.png\",\"contentUrl\":\"https:\\\/\\\/www.alsput.com\\\/wp-content\\\/uploads\\\/2020\\\/01\\\/favicon.png\",\"width\":512,\"height\":512,\"caption\":\"Hotel \\\/ Restaurant Alsput\"},\"image\":{\"@id\":\"https:\\\/\\\/www.alsput.com\\\/de\\\/#\\\/schema\\\/logo\\\/image\\\/\"},\"sameAs\":[\"https:\\\/\\\/www.facebook.com\\\/Alsput\\\/\"]}]}<\/script>\n<!-- \/ Yoast SEO plugin. -->","yoast_head_json":{"title":"Sehensw\u00fcrdigkeiten - Alsput - hotel \/ Restaurant","robots":{"index":"index","follow":"follow","max-snippet":"max-snippet:-1","max-image-preview":"max-image-preview:large","max-video-preview":"max-video-preview:-1"},"canonical":"https:\/\/www.alsput.com\/de\/sehenswuerdigkeiten\/","og_locale":"de_DE","og_type":"article","og_title":"Sehensw\u00fcrdigkeiten - Alsput - hotel \/ Restaurant","og_description":"Genie\u00dfen Sie unsere Radrouten und Wandertouren, die Sie an den zahlreichen Sehensw\u00fcrdigkeiten der Gegend entlang f\u00fchren. Alsput liegt zwischen den Wanderknotenpunkten 392 und 394 und zwischen den Radknotenpunkten 66 und 70. Au\u00dferdem f\u00fchrt auch Flanderns Radroute LF6 bei uns vorbei. Halle Basilika mit historischem Stadtzentrum Hallerbos Zentrum f\u00fcr Regionalprodukte Gaasbeek Schloss von Gaasbeek Sint-Pieters-Leeuw Rosengarten [&hellip;]","og_url":"https:\/\/www.alsput.com\/de\/sehenswuerdigkeiten\/","og_site_name":"Alsput - hotel \/ Restaurant","article_publisher":"https:\/\/www.facebook.com\/Alsput\/","article_modified_time":"2026-04-29T13:20:07+00:00","twitter_card":"summary_large_image","schema":{"@context":"https:\/\/schema.org","@graph":[{"@type":"WebPage","@id":"https:\/\/www.alsput.com\/de\/sehenswuerdigkeiten\/","url":"https:\/\/www.alsput.com\/de\/sehenswuerdigkeiten\/","name":"Sehensw\u00fcrdigkeiten - Alsput - hotel \/ Restaurant","isPartOf":{"@id":"https:\/\/www.alsput.com\/de\/#website"},"datePublished":"2020-04-20T16:33:25+00:00","dateModified":"2026-04-29T13:20:07+00:00","breadcrumb":{"@id":"https:\/\/www.alsput.com\/de\/sehenswuerdigkeiten\/#breadcrumb"},"inLanguage":"de","potentialAction":[{"@type":"ReadAction","target":["https:\/\/www.alsput.com\/de\/sehenswuerdigkeiten\/"]}]},{"@type":"BreadcrumbList","@id":"https:\/\/www.alsput.com\/de\/sehenswuerdigkeiten\/#breadcrumb","itemListElement":[{"@type":"ListItem","position":1,"name":"Home","item":"https:\/\/www.alsput.com\/de\/"},{"@type":"ListItem","position":2,"name":"Sehensw\u00fcrdigkeiten"}]},{"@type":"WebSite","@id":"https:\/\/www.alsput.com\/de\/#website","url":"https:\/\/www.alsput.com\/de\/","name":"Alsput - Hotel \/ Restaurant","description":"hotel-restaurant-taverne","publisher":{"@id":"https:\/\/www.alsput.com\/de\/#organization"},"potentialAction":[{"@type":"SearchAction","target":{"@type":"EntryPoint","urlTemplate":"https:\/\/www.alsput.com\/de\/?s={search_term_string}"},"query-input":{"@type":"PropertyValueSpecification","valueRequired":true,"valueName":"search_term_string"}}],"inLanguage":"de"},{"@type":"Organization","@id":"https:\/\/www.alsput.com\/de\/#organization","name":"Hotel \/ Restaurant Alsput","url":"https:\/\/www.alsput.com\/de\/","logo":{"@type":"ImageObject","inLanguage":"de","@id":"https:\/\/www.alsput.com\/de\/#\/schema\/logo\/image\/","url":"https:\/\/www.alsput.com\/wp-content\/uploads\/2020\/01\/favicon.png","contentUrl":"https:\/\/www.alsput.com\/wp-content\/uploads\/2020\/01\/favicon.png","width":512,"height":512,"caption":"Hotel \/ Restaurant Alsput"},"image":{"@id":"https:\/\/www.alsput.com\/de\/#\/schema\/logo\/image\/"},"sameAs":["https:\/\/www.facebook.com\/Alsput\/"]}]}},"_links":{"self":[{"href":"https:\/\/www.alsput.com\/de\/wp-json\/wp\/v2\/pages\/751","targetHints":{"allow":["GET"]}}],"collection":[{"href":"https:\/\/www.alsput.com\/de\/wp-json\/wp\/v2\/pages"}],"about":[{"href":"https:\/\/www.alsput.com\/de\/wp-json\/wp\/v2\/types\/page"}],"author":[{"embeddable":true,"href":"https:\/\/www.alsput.com\/de\/wp-json\/wp\/v2\/users\/3"}],"replies":[{"embeddable":true,"href":"https:\/\/www.alsput.com\/de\/wp-json\/wp\/v2\/comments?post=751"}],"version-history":[{"count":1,"href":"https:\/\/www.alsput.com\/de\/wp-json\/wp\/v2\/pages\/751\/revisions"}],"predecessor-version":[{"id":10431,"href":"https:\/\/www.alsput.com\/de\/wp-json\/wp\/v2\/pages\/751\/revisions\/10431"}],"wp:attachment":[{"href":"https:\/\/www.alsput.com\/de\/wp-json\/wp\/v2\/media?parent=751"}],"curies":[{"name":"wp","href":"https:\/\/api.w.org\/{rel}","templated":true}]}}