{"id":481,"date":"2020-03-21T17:15:19","date_gmt":"2020-03-21T16:15:19","guid":{"rendered":"https:\/\/www.alsput.com\/weitere-diensleistungen\/trauerkaffee-leichenschmaus\/"},"modified":"2020-03-21T17:15:19","modified_gmt":"2020-03-21T16:15:19","slug":"trauerkaffee-leichenschmaus","status":"publish","type":"page","link":"https:\/\/www.alsput.com\/de\/weitere-diensleistungen\/trauerkaffee-leichenschmaus\/","title":{"rendered":"Trauerkaffee &#8211; Leichenschmaus"},"content":{"rendered":"\t\t<div data-elementor-type=\"wp-page\" data-elementor-id=\"481\" class=\"elementor elementor-481 elementor-225\" data-elementor-post-type=\"page\">\n\t\t\t\t\t\t<section class=\"elementor-section elementor-top-section elementor-element elementor-element-502d5ab elementor-section-height-min-height elementor-section-content-middle elementor-section-boxed elementor-section-height-default elementor-section-items-middle\" data-id=\"502d5ab\" data-element_type=\"section\" data-e-type=\"section\" data-settings=\"{&quot;background_background&quot;:&quot;classic&quot;}\">\n\t\t\t\t\t\t<div class=\"elementor-container elementor-column-gap-default\">\n\t\t\t\t\t<div class=\"elementor-column elementor-col-100 elementor-top-column elementor-element elementor-element-ab7581e\" data-id=\"ab7581e\" data-element_type=\"column\" data-e-type=\"column\">\n\t\t\t<div class=\"elementor-widget-wrap\">\n\t\t\t\t\t\t\t<\/div>\n\t\t<\/div>\n\t\t\t\t\t<\/div>\n\t\t<\/section>\n\t\t\t\t<section class=\"elementor-section elementor-top-section elementor-element elementor-element-6b04e54 elementor-section-content-middle elementor-section-boxed elementor-section-height-default elementor-section-height-default\" data-id=\"6b04e54\" data-element_type=\"section\" data-e-type=\"section\">\n\t\t\t\t\t\t<div class=\"elementor-container elementor-column-gap-no\">\n\t\t\t\t\t<div class=\"elementor-column elementor-col-100 elementor-top-column elementor-element elementor-element-844de33\" data-id=\"844de33\" data-element_type=\"column\" data-e-type=\"column\" data-settings=\"{&quot;background_background&quot;:&quot;classic&quot;}\">\n\t\t\t<div class=\"elementor-widget-wrap elementor-element-populated\">\n\t\t\t\t\t\t<div class=\"elementor-element elementor-element-442e72f elementor-widget-divider--view-line elementor-widget elementor-widget-divider\" data-id=\"442e72f\" data-element_type=\"widget\" data-e-type=\"widget\" data-widget_type=\"divider.default\">\n\t\t\t\t<div class=\"elementor-widget-container\">\n\t\t\t\t\t\t\t<div class=\"elementor-divider\">\n\t\t\t<span class=\"elementor-divider-separator\">\n\t\t\t\t\t\t<\/span>\n\t\t<\/div>\n\t\t\t\t\t\t<\/div>\n\t\t\t\t<\/div>\n\t\t\t\t<div class=\"elementor-element elementor-element-ddb8aa4 elementor-widget elementor-widget-text-editor\" data-id=\"ddb8aa4\" data-element_type=\"widget\" data-e-type=\"widget\" data-widget_type=\"text-editor.default\">\n\t\t\t\t<div class=\"elementor-widget-container\">\n\t\t\t\t\t\t\t\t\t<p>Es gibt wahrlich sch\u00f6nere Anl\u00e4sse f\u00fcr eine Zusammenkunft als den Abschied von einem geliebten Familienangeh\u00f6rigen. Aber auch diese schwierigen Momente sind leider Teil des Lebens. Bei Alsput machen wir diesen Abschied mit einem Trauerkaffee oder Leichenschmaus gerne ein wenig ertr\u00e4glicher. Standardm\u00e4\u00dfig bieten wir ein ausgedehntes Trauerbuffet an; es sind jedoch auch andere Arrangements m\u00f6glich. Bevorzugen Sie eine vollst\u00e4ndige warme Mahlzeit? So sorgen wir daf\u00fcr, dass es den Trauerg\u00e4sten an nichts fehlt.<\/p>\n\t\t\t\t\t\t\t\t<\/div>\n\t\t\t\t<\/div>\n\t\t\t\t<div class=\"elementor-element elementor-element-b3220c1 elementor-widget elementor-widget-button\" data-id=\"b3220c1\" data-element_type=\"widget\" data-e-type=\"widget\" data-widget_type=\"button.default\">\n\t\t\t\t<div class=\"elementor-widget-container\">\n\t\t\t\t\t\t\t\t\t<div class=\"elementor-button-wrapper\">\n\t\t\t\t\t<a class=\"elementor-button elementor-button-link elementor-size-md\" href=\"https:\/\/www.alsput.com\/de\/kontakt\/\">\n\t\t\t\t\t\t<span class=\"elementor-button-content-wrapper\">\n\t\t\t\t\t\t\t\t\t<span class=\"elementor-button-text\">Kontakt<\/span>\n\t\t\t\t\t<\/span>\n\t\t\t\t\t<\/a>\n\t\t\t\t<\/div>\n\t\t\t\t\t\t\t\t<\/div>\n\t\t\t\t<\/div>\n\t\t\t\t\t<\/div>\n\t\t<\/div>\n\t\t\t\t\t<\/div>\n\t\t<\/section>\n\t\t\t\t<\/div>\n\t\t","protected":false},"excerpt":{"rendered":"<p>Es gibt wahrlich sch\u00f6nere Anl\u00e4sse f\u00fcr eine Zusammenkunft als den Abschied von einem geliebten Familienangeh\u00f6rigen. Aber auch diese schwierigen Momente sind leider Teil des Lebens. Bei Alsput machen wir diesen Abschied mit einem Trauerkaffee oder Leichenschmaus gerne ein wenig ertr\u00e4glicher. Standardm\u00e4\u00dfig bieten wir ein ausgedehntes Trauerbuffet an; es sind jedoch auch andere Arrangements m\u00f6glich. Bevorzugen [&hellip;]<\/p>\n","protected":false},"author":3,"featured_media":0,"parent":459,"menu_order":0,"comment_status":"closed","ping_status":"closed","template":"","meta":{"footnotes":""},"class_list":["post-481","page","type-page","status-publish","hentry"],"yoast_head":"<!-- This site is optimized with the Yoast SEO plugin v27.3 - https:\/\/yoast.com\/product\/yoast-seo-wordpress\/ -->\n<title>Trauerkaffee - Leichenschmaus - Alsput - hotel \/ Restaurant<\/title>\n<meta name=\"robots\" content=\"index, follow, max-snippet:-1, max-image-preview:large, max-video-preview:-1\" \/>\n<link rel=\"canonical\" href=\"https:\/\/www.alsput.com\/de\/weitere-diensleistungen\/trauerkaffee-leichenschmaus\/\" \/>\n<meta property=\"og:locale\" content=\"de_DE\" \/>\n<meta property=\"og:type\" content=\"article\" \/>\n<meta property=\"og:title\" content=\"Trauerkaffee - Leichenschmaus - Alsput - hotel \/ Restaurant\" \/>\n<meta property=\"og:description\" content=\"Es gibt wahrlich sch\u00f6nere Anl\u00e4sse f\u00fcr eine Zusammenkunft als den Abschied von einem geliebten Familienangeh\u00f6rigen. Aber auch diese schwierigen Momente sind leider Teil des Lebens. Bei Alsput machen wir diesen Abschied mit einem Trauerkaffee oder Leichenschmaus gerne ein wenig ertr\u00e4glicher. Standardm\u00e4\u00dfig bieten wir ein ausgedehntes Trauerbuffet an; es sind jedoch auch andere Arrangements m\u00f6glich. Bevorzugen [&hellip;]\" \/>\n<meta property=\"og:url\" content=\"https:\/\/www.alsput.com\/de\/weitere-diensleistungen\/trauerkaffee-leichenschmaus\/\" \/>\n<meta property=\"og:site_name\" content=\"Alsput - hotel \/ Restaurant\" \/>\n<meta property=\"article:publisher\" content=\"https:\/\/www.facebook.com\/Alsput\/\" \/>\n<meta name=\"twitter:card\" content=\"summary_large_image\" \/>\n<script type=\"application\/ld+json\" class=\"yoast-schema-graph\">{\"@context\":\"https:\\\/\\\/schema.org\",\"@graph\":[{\"@type\":\"WebPage\",\"@id\":\"https:\\\/\\\/www.alsput.com\\\/de\\\/weitere-diensleistungen\\\/trauerkaffee-leichenschmaus\\\/\",\"url\":\"https:\\\/\\\/www.alsput.com\\\/de\\\/weitere-diensleistungen\\\/trauerkaffee-leichenschmaus\\\/\",\"name\":\"Trauerkaffee - Leichenschmaus - Alsput - hotel \\\/ Restaurant\",\"isPartOf\":{\"@id\":\"https:\\\/\\\/www.alsput.com\\\/de\\\/#website\"},\"datePublished\":\"2020-03-21T16:15:19+00:00\",\"breadcrumb\":{\"@id\":\"https:\\\/\\\/www.alsput.com\\\/de\\\/weitere-diensleistungen\\\/trauerkaffee-leichenschmaus\\\/#breadcrumb\"},\"inLanguage\":\"de\",\"potentialAction\":[{\"@type\":\"ReadAction\",\"target\":[\"https:\\\/\\\/www.alsput.com\\\/de\\\/weitere-diensleistungen\\\/trauerkaffee-leichenschmaus\\\/\"]}]},{\"@type\":\"BreadcrumbList\",\"@id\":\"https:\\\/\\\/www.alsput.com\\\/de\\\/weitere-diensleistungen\\\/trauerkaffee-leichenschmaus\\\/#breadcrumb\",\"itemListElement\":[{\"@type\":\"ListItem\",\"position\":1,\"name\":\"Home\",\"item\":\"https:\\\/\\\/www.alsput.com\\\/de\\\/\"},{\"@type\":\"ListItem\",\"position\":2,\"name\":\"Weitere Dienstleistungen\",\"item\":\"https:\\\/\\\/www.alsput.com\\\/de\\\/weitere-diensleistungen\\\/\"},{\"@type\":\"ListItem\",\"position\":3,\"name\":\"Trauerkaffee &#8211; Leichenschmaus\"}]},{\"@type\":\"WebSite\",\"@id\":\"https:\\\/\\\/www.alsput.com\\\/de\\\/#website\",\"url\":\"https:\\\/\\\/www.alsput.com\\\/de\\\/\",\"name\":\"Alsput - Hotel \\\/ Restaurant\",\"description\":\"hotel-restaurant-taverne\",\"publisher\":{\"@id\":\"https:\\\/\\\/www.alsput.com\\\/de\\\/#organization\"},\"potentialAction\":[{\"@type\":\"SearchAction\",\"target\":{\"@type\":\"EntryPoint\",\"urlTemplate\":\"https:\\\/\\\/www.alsput.com\\\/de\\\/?s={search_term_string}\"},\"query-input\":{\"@type\":\"PropertyValueSpecification\",\"valueRequired\":true,\"valueName\":\"search_term_string\"}}],\"inLanguage\":\"de\"},{\"@type\":\"Organization\",\"@id\":\"https:\\\/\\\/www.alsput.com\\\/de\\\/#organization\",\"name\":\"Hotel \\\/ Restaurant Alsput\",\"url\":\"https:\\\/\\\/www.alsput.com\\\/de\\\/\",\"logo\":{\"@type\":\"ImageObject\",\"inLanguage\":\"de\",\"@id\":\"https:\\\/\\\/www.alsput.com\\\/de\\\/#\\\/schema\\\/logo\\\/image\\\/\",\"url\":\"https:\\\/\\\/www.alsput.com\\\/wp-content\\\/uploads\\\/2020\\\/01\\\/favicon.png\",\"contentUrl\":\"https:\\\/\\\/www.alsput.com\\\/wp-content\\\/uploads\\\/2020\\\/01\\\/favicon.png\",\"width\":512,\"height\":512,\"caption\":\"Hotel \\\/ Restaurant Alsput\"},\"image\":{\"@id\":\"https:\\\/\\\/www.alsput.com\\\/de\\\/#\\\/schema\\\/logo\\\/image\\\/\"},\"sameAs\":[\"https:\\\/\\\/www.facebook.com\\\/Alsput\\\/\"]}]}<\/script>\n<!-- \/ Yoast SEO plugin. -->","yoast_head_json":{"title":"Trauerkaffee - Leichenschmaus - Alsput - hotel \/ Restaurant","robots":{"index":"index","follow":"follow","max-snippet":"max-snippet:-1","max-image-preview":"max-image-preview:large","max-video-preview":"max-video-preview:-1"},"canonical":"https:\/\/www.alsput.com\/de\/weitere-diensleistungen\/trauerkaffee-leichenschmaus\/","og_locale":"de_DE","og_type":"article","og_title":"Trauerkaffee - Leichenschmaus - Alsput - hotel \/ Restaurant","og_description":"Es gibt wahrlich sch\u00f6nere Anl\u00e4sse f\u00fcr eine Zusammenkunft als den Abschied von einem geliebten Familienangeh\u00f6rigen. Aber auch diese schwierigen Momente sind leider Teil des Lebens. Bei Alsput machen wir diesen Abschied mit einem Trauerkaffee oder Leichenschmaus gerne ein wenig ertr\u00e4glicher. Standardm\u00e4\u00dfig bieten wir ein ausgedehntes Trauerbuffet an; es sind jedoch auch andere Arrangements m\u00f6glich. Bevorzugen [&hellip;]","og_url":"https:\/\/www.alsput.com\/de\/weitere-diensleistungen\/trauerkaffee-leichenschmaus\/","og_site_name":"Alsput - hotel \/ Restaurant","article_publisher":"https:\/\/www.facebook.com\/Alsput\/","twitter_card":"summary_large_image","schema":{"@context":"https:\/\/schema.org","@graph":[{"@type":"WebPage","@id":"https:\/\/www.alsput.com\/de\/weitere-diensleistungen\/trauerkaffee-leichenschmaus\/","url":"https:\/\/www.alsput.com\/de\/weitere-diensleistungen\/trauerkaffee-leichenschmaus\/","name":"Trauerkaffee - Leichenschmaus - Alsput - hotel \/ Restaurant","isPartOf":{"@id":"https:\/\/www.alsput.com\/de\/#website"},"datePublished":"2020-03-21T16:15:19+00:00","breadcrumb":{"@id":"https:\/\/www.alsput.com\/de\/weitere-diensleistungen\/trauerkaffee-leichenschmaus\/#breadcrumb"},"inLanguage":"de","potentialAction":[{"@type":"ReadAction","target":["https:\/\/www.alsput.com\/de\/weitere-diensleistungen\/trauerkaffee-leichenschmaus\/"]}]},{"@type":"BreadcrumbList","@id":"https:\/\/www.alsput.com\/de\/weitere-diensleistungen\/trauerkaffee-leichenschmaus\/#breadcrumb","itemListElement":[{"@type":"ListItem","position":1,"name":"Home","item":"https:\/\/www.alsput.com\/de\/"},{"@type":"ListItem","position":2,"name":"Weitere Dienstleistungen","item":"https:\/\/www.alsput.com\/de\/weitere-diensleistungen\/"},{"@type":"ListItem","position":3,"name":"Trauerkaffee &#8211; Leichenschmaus"}]},{"@type":"WebSite","@id":"https:\/\/www.alsput.com\/de\/#website","url":"https:\/\/www.alsput.com\/de\/","name":"Alsput - Hotel \/ Restaurant","description":"hotel-restaurant-taverne","publisher":{"@id":"https:\/\/www.alsput.com\/de\/#organization"},"potentialAction":[{"@type":"SearchAction","target":{"@type":"EntryPoint","urlTemplate":"https:\/\/www.alsput.com\/de\/?s={search_term_string}"},"query-input":{"@type":"PropertyValueSpecification","valueRequired":true,"valueName":"search_term_string"}}],"inLanguage":"de"},{"@type":"Organization","@id":"https:\/\/www.alsput.com\/de\/#organization","name":"Hotel \/ Restaurant Alsput","url":"https:\/\/www.alsput.com\/de\/","logo":{"@type":"ImageObject","inLanguage":"de","@id":"https:\/\/www.alsput.com\/de\/#\/schema\/logo\/image\/","url":"https:\/\/www.alsput.com\/wp-content\/uploads\/2020\/01\/favicon.png","contentUrl":"https:\/\/www.alsput.com\/wp-content\/uploads\/2020\/01\/favicon.png","width":512,"height":512,"caption":"Hotel \/ Restaurant Alsput"},"image":{"@id":"https:\/\/www.alsput.com\/de\/#\/schema\/logo\/image\/"},"sameAs":["https:\/\/www.facebook.com\/Alsput\/"]}]}},"_links":{"self":[{"href":"https:\/\/www.alsput.com\/de\/wp-json\/wp\/v2\/pages\/481","targetHints":{"allow":["GET"]}}],"collection":[{"href":"https:\/\/www.alsput.com\/de\/wp-json\/wp\/v2\/pages"}],"about":[{"href":"https:\/\/www.alsput.com\/de\/wp-json\/wp\/v2\/types\/page"}],"author":[{"embeddable":true,"href":"https:\/\/www.alsput.com\/de\/wp-json\/wp\/v2\/users\/3"}],"replies":[{"embeddable":true,"href":"https:\/\/www.alsput.com\/de\/wp-json\/wp\/v2\/comments?post=481"}],"version-history":[{"count":0,"href":"https:\/\/www.alsput.com\/de\/wp-json\/wp\/v2\/pages\/481\/revisions"}],"up":[{"embeddable":true,"href":"https:\/\/www.alsput.com\/de\/wp-json\/wp\/v2\/pages\/459"}],"wp:attachment":[{"href":"https:\/\/www.alsput.com\/de\/wp-json\/wp\/v2\/media?parent=481"}],"curies":[{"name":"wp","href":"https:\/\/api.w.org\/{rel}","templated":true}]}}