{"id":471,"date":"2020-03-21T17:11:46","date_gmt":"2020-03-21T16:11:46","guid":{"rendered":"https:\/\/www.alsput.com\/weitere-diensleistungen\/feste-nach-mass\/"},"modified":"2020-03-21T17:11:46","modified_gmt":"2020-03-21T16:11:46","slug":"feste-nach-mass","status":"publish","type":"page","link":"https:\/\/www.alsput.com\/de\/weitere-diensleistungen\/feste-nach-mass\/","title":{"rendered":"Feste nach Ma\u00df"},"content":{"rendered":"\t\t<div data-elementor-type=\"wp-page\" data-elementor-id=\"471\" class=\"elementor elementor-471 elementor-224\" data-elementor-post-type=\"page\">\n\t\t\t\t\t\t<section class=\"elementor-section elementor-top-section elementor-element elementor-element-502d5ab elementor-section-height-min-height elementor-section-content-middle elementor-section-boxed elementor-section-height-default elementor-section-items-middle\" data-id=\"502d5ab\" data-element_type=\"section\" data-e-type=\"section\" data-settings=\"{&quot;background_background&quot;:&quot;classic&quot;}\">\n\t\t\t\t\t\t<div class=\"elementor-container elementor-column-gap-default\">\n\t\t\t\t\t<div class=\"elementor-column elementor-col-100 elementor-top-column elementor-element elementor-element-ab7581e\" data-id=\"ab7581e\" data-element_type=\"column\" data-e-type=\"column\">\n\t\t\t<div class=\"elementor-widget-wrap\">\n\t\t\t\t\t\t\t<\/div>\n\t\t<\/div>\n\t\t\t\t\t<\/div>\n\t\t<\/section>\n\t\t\t\t<section class=\"elementor-section elementor-top-section elementor-element elementor-element-6b04e54 elementor-section-content-middle elementor-section-boxed elementor-section-height-default elementor-section-height-default\" data-id=\"6b04e54\" data-element_type=\"section\" data-e-type=\"section\">\n\t\t\t\t\t\t<div class=\"elementor-container elementor-column-gap-no\">\n\t\t\t\t\t<div class=\"elementor-column elementor-col-100 elementor-top-column elementor-element elementor-element-844de33\" data-id=\"844de33\" data-element_type=\"column\" data-e-type=\"column\" data-settings=\"{&quot;background_background&quot;:&quot;classic&quot;}\">\n\t\t\t<div class=\"elementor-widget-wrap elementor-element-populated\">\n\t\t\t\t\t\t<div class=\"elementor-element elementor-element-442e72f elementor-widget-divider--view-line elementor-widget elementor-widget-divider\" data-id=\"442e72f\" data-element_type=\"widget\" data-e-type=\"widget\" data-widget_type=\"divider.default\">\n\t\t\t\t<div class=\"elementor-widget-container\">\n\t\t\t\t\t\t\t<div class=\"elementor-divider\">\n\t\t\t<span class=\"elementor-divider-separator\">\n\t\t\t\t\t\t<\/span>\n\t\t<\/div>\n\t\t\t\t\t\t<\/div>\n\t\t\t\t<\/div>\n\t\t\t\t<div class=\"elementor-element elementor-element-ddb8aa4 elementor-widget elementor-widget-text-editor\" data-id=\"ddb8aa4\" data-element_type=\"widget\" data-e-type=\"widget\" data-widget_type=\"text-editor.default\">\n\t\t\t\t<div class=\"elementor-widget-container\">\n\t\t\t\t\t\t\t\t\t<p>M\u00f6chten Sie ein Fest organisieren? Unser Team beteiligt sich gerne daran! Wir verf\u00fcgen \u00fcber einen Festsaal f\u00fcr bis zu 120 Personen, und Sie k\u00f6nnen sowohl drinnen als auch drau\u00dfen essen. Dar\u00fcber hinaus haben wir eine Brosch\u00fcre mit Men\u00fcs und Gerichten, aus denen Sie ausw\u00e4hlen k\u00f6nnen. Auch wenn Sie eigene Vorstellungen oder Anregungen zu spezifischen Gerichten haben, denken wir gerne mit Ihnen mit. Men\u00fcs nach Ma\u00df in verschiedenen Preisklassen mit Getr\u00e4nken oder ohne Getr\u00e4nke \u2013 alles ist m\u00f6glich! F\u00fcr Kinder befindet sich hinten eine gro\u00dfe Spielwiese, damit sich auch die kleinsten G\u00e4ste nach Lust und Laune austoben k\u00f6nnen.<\/p>\n\t\t\t\t\t\t\t\t<\/div>\n\t\t\t\t<\/div>\n\t\t\t\t<div class=\"elementor-element elementor-element-bec5f13 elementor-widget elementor-widget-button\" data-id=\"bec5f13\" data-element_type=\"widget\" data-e-type=\"widget\" data-widget_type=\"button.default\">\n\t\t\t\t<div class=\"elementor-widget-container\">\n\t\t\t\t\t\t\t\t\t<div class=\"elementor-button-wrapper\">\n\t\t\t\t\t<a class=\"elementor-button elementor-button-link elementor-size-md\" href=\"https:\/\/www.alsput.com\/de\/kontakt\/\">\n\t\t\t\t\t\t<span class=\"elementor-button-content-wrapper\">\n\t\t\t\t\t\t\t\t\t<span class=\"elementor-button-text\">Kontakt<\/span>\n\t\t\t\t\t<\/span>\n\t\t\t\t\t<\/a>\n\t\t\t\t<\/div>\n\t\t\t\t\t\t\t\t<\/div>\n\t\t\t\t<\/div>\n\t\t\t\t\t<\/div>\n\t\t<\/div>\n\t\t\t\t\t<\/div>\n\t\t<\/section>\n\t\t\t\t<\/div>\n\t\t","protected":false},"excerpt":{"rendered":"<p>M\u00f6chten Sie ein Fest organisieren? Unser Team beteiligt sich gerne daran! Wir verf\u00fcgen \u00fcber einen Festsaal f\u00fcr bis zu 120 Personen, und Sie k\u00f6nnen sowohl drinnen als auch drau\u00dfen essen. Dar\u00fcber hinaus haben wir eine Brosch\u00fcre mit Men\u00fcs und Gerichten, aus denen Sie ausw\u00e4hlen k\u00f6nnen. Auch wenn Sie eigene Vorstellungen oder Anregungen zu spezifischen Gerichten [&hellip;]<\/p>\n","protected":false},"author":3,"featured_media":0,"parent":459,"menu_order":0,"comment_status":"closed","ping_status":"closed","template":"","meta":{"footnotes":""},"class_list":["post-471","page","type-page","status-publish","hentry"],"yoast_head":"<!-- This site is optimized with the Yoast SEO plugin v27.5 - https:\/\/yoast.com\/product\/yoast-seo-wordpress\/ -->\n<title>Feste nach Ma\u00df - Alsput - hotel \/ Restaurant<\/title>\n<meta name=\"robots\" content=\"index, follow, max-snippet:-1, max-image-preview:large, max-video-preview:-1\" \/>\n<link rel=\"canonical\" href=\"https:\/\/www.alsput.com\/de\/weitere-diensleistungen\/feste-nach-mass\/\" \/>\n<meta property=\"og:locale\" content=\"de_DE\" \/>\n<meta property=\"og:type\" content=\"article\" \/>\n<meta property=\"og:title\" content=\"Feste nach Ma\u00df - Alsput - hotel \/ Restaurant\" \/>\n<meta property=\"og:description\" content=\"M\u00f6chten Sie ein Fest organisieren? Unser Team beteiligt sich gerne daran! Wir verf\u00fcgen \u00fcber einen Festsaal f\u00fcr bis zu 120 Personen, und Sie k\u00f6nnen sowohl drinnen als auch drau\u00dfen essen. Dar\u00fcber hinaus haben wir eine Brosch\u00fcre mit Men\u00fcs und Gerichten, aus denen Sie ausw\u00e4hlen k\u00f6nnen. Auch wenn Sie eigene Vorstellungen oder Anregungen zu spezifischen Gerichten [&hellip;]\" \/>\n<meta property=\"og:url\" content=\"https:\/\/www.alsput.com\/de\/weitere-diensleistungen\/feste-nach-mass\/\" \/>\n<meta property=\"og:site_name\" content=\"Alsput - hotel \/ Restaurant\" \/>\n<meta property=\"article:publisher\" content=\"https:\/\/www.facebook.com\/Alsput\/\" \/>\n<meta name=\"twitter:card\" content=\"summary_large_image\" \/>\n<meta name=\"twitter:label1\" content=\"Gesch\u00e4tzte Lesezeit\" \/>\n\t<meta name=\"twitter:data1\" content=\"1\u00a0Minute\" \/>\n<script type=\"application\/ld+json\" class=\"yoast-schema-graph\">{\"@context\":\"https:\\\/\\\/schema.org\",\"@graph\":[{\"@type\":\"WebPage\",\"@id\":\"https:\\\/\\\/www.alsput.com\\\/de\\\/weitere-diensleistungen\\\/feste-nach-mass\\\/\",\"url\":\"https:\\\/\\\/www.alsput.com\\\/de\\\/weitere-diensleistungen\\\/feste-nach-mass\\\/\",\"name\":\"Feste nach Ma\u00df - Alsput - hotel \\\/ Restaurant\",\"isPartOf\":{\"@id\":\"https:\\\/\\\/www.alsput.com\\\/de\\\/#website\"},\"datePublished\":\"2020-03-21T16:11:46+00:00\",\"breadcrumb\":{\"@id\":\"https:\\\/\\\/www.alsput.com\\\/de\\\/weitere-diensleistungen\\\/feste-nach-mass\\\/#breadcrumb\"},\"inLanguage\":\"de\",\"potentialAction\":[{\"@type\":\"ReadAction\",\"target\":[\"https:\\\/\\\/www.alsput.com\\\/de\\\/weitere-diensleistungen\\\/feste-nach-mass\\\/\"]}]},{\"@type\":\"BreadcrumbList\",\"@id\":\"https:\\\/\\\/www.alsput.com\\\/de\\\/weitere-diensleistungen\\\/feste-nach-mass\\\/#breadcrumb\",\"itemListElement\":[{\"@type\":\"ListItem\",\"position\":1,\"name\":\"Home\",\"item\":\"https:\\\/\\\/www.alsput.com\\\/de\\\/\"},{\"@type\":\"ListItem\",\"position\":2,\"name\":\"Weitere Dienstleistungen\",\"item\":\"https:\\\/\\\/www.alsput.com\\\/de\\\/weitere-diensleistungen\\\/\"},{\"@type\":\"ListItem\",\"position\":3,\"name\":\"Feste nach Ma\u00df\"}]},{\"@type\":\"WebSite\",\"@id\":\"https:\\\/\\\/www.alsput.com\\\/de\\\/#website\",\"url\":\"https:\\\/\\\/www.alsput.com\\\/de\\\/\",\"name\":\"Alsput - Hotel \\\/ Restaurant\",\"description\":\"hotel-restaurant-taverne\",\"publisher\":{\"@id\":\"https:\\\/\\\/www.alsput.com\\\/de\\\/#organization\"},\"potentialAction\":[{\"@type\":\"SearchAction\",\"target\":{\"@type\":\"EntryPoint\",\"urlTemplate\":\"https:\\\/\\\/www.alsput.com\\\/de\\\/?s={search_term_string}\"},\"query-input\":{\"@type\":\"PropertyValueSpecification\",\"valueRequired\":true,\"valueName\":\"search_term_string\"}}],\"inLanguage\":\"de\"},{\"@type\":\"Organization\",\"@id\":\"https:\\\/\\\/www.alsput.com\\\/de\\\/#organization\",\"name\":\"Hotel \\\/ Restaurant Alsput\",\"url\":\"https:\\\/\\\/www.alsput.com\\\/de\\\/\",\"logo\":{\"@type\":\"ImageObject\",\"inLanguage\":\"de\",\"@id\":\"https:\\\/\\\/www.alsput.com\\\/de\\\/#\\\/schema\\\/logo\\\/image\\\/\",\"url\":\"https:\\\/\\\/www.alsput.com\\\/wp-content\\\/uploads\\\/2020\\\/01\\\/favicon.png\",\"contentUrl\":\"https:\\\/\\\/www.alsput.com\\\/wp-content\\\/uploads\\\/2020\\\/01\\\/favicon.png\",\"width\":512,\"height\":512,\"caption\":\"Hotel \\\/ Restaurant Alsput\"},\"image\":{\"@id\":\"https:\\\/\\\/www.alsput.com\\\/de\\\/#\\\/schema\\\/logo\\\/image\\\/\"},\"sameAs\":[\"https:\\\/\\\/www.facebook.com\\\/Alsput\\\/\"]}]}<\/script>\n<!-- \/ Yoast SEO plugin. -->","yoast_head_json":{"title":"Feste nach Ma\u00df - Alsput - hotel \/ Restaurant","robots":{"index":"index","follow":"follow","max-snippet":"max-snippet:-1","max-image-preview":"max-image-preview:large","max-video-preview":"max-video-preview:-1"},"canonical":"https:\/\/www.alsput.com\/de\/weitere-diensleistungen\/feste-nach-mass\/","og_locale":"de_DE","og_type":"article","og_title":"Feste nach Ma\u00df - Alsput - hotel \/ Restaurant","og_description":"M\u00f6chten Sie ein Fest organisieren? Unser Team beteiligt sich gerne daran! Wir verf\u00fcgen \u00fcber einen Festsaal f\u00fcr bis zu 120 Personen, und Sie k\u00f6nnen sowohl drinnen als auch drau\u00dfen essen. Dar\u00fcber hinaus haben wir eine Brosch\u00fcre mit Men\u00fcs und Gerichten, aus denen Sie ausw\u00e4hlen k\u00f6nnen. Auch wenn Sie eigene Vorstellungen oder Anregungen zu spezifischen Gerichten [&hellip;]","og_url":"https:\/\/www.alsput.com\/de\/weitere-diensleistungen\/feste-nach-mass\/","og_site_name":"Alsput - hotel \/ Restaurant","article_publisher":"https:\/\/www.facebook.com\/Alsput\/","twitter_card":"summary_large_image","twitter_misc":{"Gesch\u00e4tzte Lesezeit":"1\u00a0Minute"},"schema":{"@context":"https:\/\/schema.org","@graph":[{"@type":"WebPage","@id":"https:\/\/www.alsput.com\/de\/weitere-diensleistungen\/feste-nach-mass\/","url":"https:\/\/www.alsput.com\/de\/weitere-diensleistungen\/feste-nach-mass\/","name":"Feste nach Ma\u00df - Alsput - hotel \/ Restaurant","isPartOf":{"@id":"https:\/\/www.alsput.com\/de\/#website"},"datePublished":"2020-03-21T16:11:46+00:00","breadcrumb":{"@id":"https:\/\/www.alsput.com\/de\/weitere-diensleistungen\/feste-nach-mass\/#breadcrumb"},"inLanguage":"de","potentialAction":[{"@type":"ReadAction","target":["https:\/\/www.alsput.com\/de\/weitere-diensleistungen\/feste-nach-mass\/"]}]},{"@type":"BreadcrumbList","@id":"https:\/\/www.alsput.com\/de\/weitere-diensleistungen\/feste-nach-mass\/#breadcrumb","itemListElement":[{"@type":"ListItem","position":1,"name":"Home","item":"https:\/\/www.alsput.com\/de\/"},{"@type":"ListItem","position":2,"name":"Weitere Dienstleistungen","item":"https:\/\/www.alsput.com\/de\/weitere-diensleistungen\/"},{"@type":"ListItem","position":3,"name":"Feste nach Ma\u00df"}]},{"@type":"WebSite","@id":"https:\/\/www.alsput.com\/de\/#website","url":"https:\/\/www.alsput.com\/de\/","name":"Alsput - Hotel \/ Restaurant","description":"hotel-restaurant-taverne","publisher":{"@id":"https:\/\/www.alsput.com\/de\/#organization"},"potentialAction":[{"@type":"SearchAction","target":{"@type":"EntryPoint","urlTemplate":"https:\/\/www.alsput.com\/de\/?s={search_term_string}"},"query-input":{"@type":"PropertyValueSpecification","valueRequired":true,"valueName":"search_term_string"}}],"inLanguage":"de"},{"@type":"Organization","@id":"https:\/\/www.alsput.com\/de\/#organization","name":"Hotel \/ Restaurant Alsput","url":"https:\/\/www.alsput.com\/de\/","logo":{"@type":"ImageObject","inLanguage":"de","@id":"https:\/\/www.alsput.com\/de\/#\/schema\/logo\/image\/","url":"https:\/\/www.alsput.com\/wp-content\/uploads\/2020\/01\/favicon.png","contentUrl":"https:\/\/www.alsput.com\/wp-content\/uploads\/2020\/01\/favicon.png","width":512,"height":512,"caption":"Hotel \/ Restaurant Alsput"},"image":{"@id":"https:\/\/www.alsput.com\/de\/#\/schema\/logo\/image\/"},"sameAs":["https:\/\/www.facebook.com\/Alsput\/"]}]}},"_links":{"self":[{"href":"https:\/\/www.alsput.com\/de\/wp-json\/wp\/v2\/pages\/471","targetHints":{"allow":["GET"]}}],"collection":[{"href":"https:\/\/www.alsput.com\/de\/wp-json\/wp\/v2\/pages"}],"about":[{"href":"https:\/\/www.alsput.com\/de\/wp-json\/wp\/v2\/types\/page"}],"author":[{"embeddable":true,"href":"https:\/\/www.alsput.com\/de\/wp-json\/wp\/v2\/users\/3"}],"replies":[{"embeddable":true,"href":"https:\/\/www.alsput.com\/de\/wp-json\/wp\/v2\/comments?post=471"}],"version-history":[{"count":0,"href":"https:\/\/www.alsput.com\/de\/wp-json\/wp\/v2\/pages\/471\/revisions"}],"up":[{"embeddable":true,"href":"https:\/\/www.alsput.com\/de\/wp-json\/wp\/v2\/pages\/459"}],"wp:attachment":[{"href":"https:\/\/www.alsput.com\/de\/wp-json\/wp\/v2\/media?parent=471"}],"curies":[{"name":"wp","href":"https:\/\/api.w.org\/{rel}","templated":true}]}}