{"id":454,"date":"2020-03-21T17:02:52","date_gmt":"2020-03-21T16:02:52","guid":{"rendered":"https:\/\/www.alsput.com\/ueber-uns\/"},"modified":"2020-03-21T17:02:52","modified_gmt":"2020-03-21T16:02:52","slug":"ueber-uns","status":"publish","type":"page","link":"https:\/\/www.alsput.com\/de\/ueber-uns\/","title":{"rendered":"\u00dcber uns"},"content":{"rendered":"\t\t<div data-elementor-type=\"wp-page\" data-elementor-id=\"454\" class=\"elementor elementor-454 elementor-90\" data-elementor-post-type=\"page\">\n\t\t\t\t\t\t<section class=\"elementor-section elementor-top-section elementor-element elementor-element-502d5ab elementor-section-height-min-height elementor-section-content-middle elementor-section-boxed elementor-section-height-default elementor-section-items-middle\" data-id=\"502d5ab\" data-element_type=\"section\" data-e-type=\"section\" data-settings=\"{&quot;background_background&quot;:&quot;classic&quot;}\">\n\t\t\t\t\t\t<div class=\"elementor-container elementor-column-gap-default\">\n\t\t\t\t\t<div class=\"elementor-column elementor-col-100 elementor-top-column elementor-element elementor-element-ab7581e\" data-id=\"ab7581e\" data-element_type=\"column\" data-e-type=\"column\">\n\t\t\t<div class=\"elementor-widget-wrap\">\n\t\t\t\t\t\t\t<\/div>\n\t\t<\/div>\n\t\t\t\t\t<\/div>\n\t\t<\/section>\n\t\t\t\t<section class=\"elementor-section elementor-top-section elementor-element elementor-element-6b04e54 elementor-section-content-middle elementor-section-boxed elementor-section-height-default elementor-section-height-default\" data-id=\"6b04e54\" data-element_type=\"section\" data-e-type=\"section\">\n\t\t\t\t\t\t<div class=\"elementor-container elementor-column-gap-no\">\n\t\t\t\t\t<div class=\"elementor-column elementor-col-100 elementor-top-column elementor-element elementor-element-844de33\" data-id=\"844de33\" data-element_type=\"column\" data-e-type=\"column\" data-settings=\"{&quot;background_background&quot;:&quot;classic&quot;}\">\n\t\t\t<div class=\"elementor-widget-wrap elementor-element-populated\">\n\t\t\t\t\t\t<div class=\"elementor-element elementor-element-442e72f elementor-widget-divider--view-line elementor-widget elementor-widget-divider\" data-id=\"442e72f\" data-element_type=\"widget\" data-e-type=\"widget\" data-widget_type=\"divider.default\">\n\t\t\t\t<div class=\"elementor-widget-container\">\n\t\t\t\t\t\t\t<div class=\"elementor-divider\">\n\t\t\t<span class=\"elementor-divider-separator\">\n\t\t\t\t\t\t<\/span>\n\t\t<\/div>\n\t\t\t\t\t\t<\/div>\n\t\t\t\t<\/div>\n\t\t\t\t<div class=\"elementor-element elementor-element-ddb8aa4 elementor-widget elementor-widget-text-editor\" data-id=\"ddb8aa4\" data-element_type=\"widget\" data-e-type=\"widget\" data-widget_type=\"text-editor.default\">\n\t\t\t\t<div class=\"elementor-widget-container\">\n\t\t\t\t\t\t\t\t\t<p>Am 18. Dezember 1980 hat Mieke De Baerdemaeker das damalige Caf\u00e9 \u201aDe Vosse Duif\u2018, das nach dem darin untergebrachten Taubenschlag benannt war, gekauft. 1984 beschloss Mieke nach ihrer Abendausbildung zum Caterer, das Caf\u00e9 zu einem Caf\u00e9-Restaurant auszuweiten. Das Erdgeschoss bot Platz f\u00fcr f\u00fcnfzig G\u00e4ste, w\u00e4hrend sich im ersten Stockwerk au\u00dferdem ein kleiner Saal mit Terrasse f\u00fcr Feste f\u00fcr bis zu drei\u00dfig Personen befand.<\/p>\n<p>Anfang der 90er Jahre entstand die Idee, die K\u00fcche zu vergr\u00f6\u00dfern, weil der bestehende K\u00fcchenbereich allm\u00e4hlich aus allen N\u00e4hten platzte. Das war jedoch noch lange nicht alles\u2026 Am 18. Dezember 1995 er\u00f6ffnete das renovierte Alsput nicht nur mit einer nagelneuen K\u00fcche, sondern auch mit einer vergr\u00f6\u00dferten Taverne, in der fortan 40 Personen Platz fanden, einem Restaurant mit einer maximalen Kapazit\u00e4t f\u00fcr bis zu 120 Personen sowie sieben komfortabel eingerichteten Hotelzimmern auf der ersten Etage.<\/p>\n<p>Au\u00dferdem ist inzwischen auch Tochter Hilde Anthoons mit ins Gesch\u00e4ft eingestiegen. Mieke und Hilde bem\u00fchen sich gemeinsam mit Koch Nando Hemelinckx und dem gesamten Alsput-Team Tag f\u00fcr Tag nach Kr\u00e4ften, ihre G\u00e4ste zu verw\u00f6hnen und sie zu ihrer vollen Zufriedenheit zu bedienen.<\/p>\n\t\t\t\t\t\t\t\t<\/div>\n\t\t\t\t<\/div>\n\t\t\t\t<div class=\"elementor-element elementor-element-26fc1b3 elementor-widget elementor-widget-button\" data-id=\"26fc1b3\" data-element_type=\"widget\" data-e-type=\"widget\" data-widget_type=\"button.default\">\n\t\t\t\t<div class=\"elementor-widget-container\">\n\t\t\t\t\t\t\t\t\t<div class=\"elementor-button-wrapper\">\n\t\t\t\t\t<a class=\"elementor-button elementor-button-link elementor-size-md\" href=\"https:\/\/www.alsput.com\/de\/kontakt\/\">\n\t\t\t\t\t\t<span class=\"elementor-button-content-wrapper\">\n\t\t\t\t\t\t\t\t\t<span class=\"elementor-button-text\">Kontakt<\/span>\n\t\t\t\t\t<\/span>\n\t\t\t\t\t<\/a>\n\t\t\t\t<\/div>\n\t\t\t\t\t\t\t\t<\/div>\n\t\t\t\t<\/div>\n\t\t\t\t\t<\/div>\n\t\t<\/div>\n\t\t\t\t\t<\/div>\n\t\t<\/section>\n\t\t\t\t<\/div>\n\t\t","protected":false},"excerpt":{"rendered":"<p>Am 18. Dezember 1980 hat Mieke De Baerdemaeker das damalige Caf\u00e9 \u201aDe Vosse Duif\u2018, das nach dem darin untergebrachten Taubenschlag benannt war, gekauft. 1984 beschloss Mieke nach ihrer Abendausbildung zum Caterer, das Caf\u00e9 zu einem Caf\u00e9-Restaurant auszuweiten. Das Erdgeschoss bot Platz f\u00fcr f\u00fcnfzig G\u00e4ste, w\u00e4hrend sich im ersten Stockwerk au\u00dferdem ein kleiner Saal mit Terrasse [&hellip;]<\/p>\n","protected":false},"author":3,"featured_media":0,"parent":0,"menu_order":0,"comment_status":"closed","ping_status":"closed","template":"","meta":{"footnotes":""},"class_list":["post-454","page","type-page","status-publish","hentry"],"yoast_head":"<!-- This site is optimized with the Yoast SEO plugin v27.4 - https:\/\/yoast.com\/product\/yoast-seo-wordpress\/ -->\n<title>\u00dcber uns - Alsput - hotel \/ Restaurant<\/title>\n<meta name=\"robots\" content=\"index, follow, max-snippet:-1, max-image-preview:large, max-video-preview:-1\" \/>\n<link rel=\"canonical\" href=\"https:\/\/www.alsput.com\/de\/ueber-uns\/\" \/>\n<meta property=\"og:locale\" content=\"de_DE\" \/>\n<meta property=\"og:type\" content=\"article\" \/>\n<meta property=\"og:title\" content=\"\u00dcber uns - Alsput - hotel \/ Restaurant\" \/>\n<meta property=\"og:description\" content=\"Am 18. Dezember 1980 hat Mieke De Baerdemaeker das damalige Caf\u00e9 \u201aDe Vosse Duif\u2018, das nach dem darin untergebrachten Taubenschlag benannt war, gekauft. 1984 beschloss Mieke nach ihrer Abendausbildung zum Caterer, das Caf\u00e9 zu einem Caf\u00e9-Restaurant auszuweiten. Das Erdgeschoss bot Platz f\u00fcr f\u00fcnfzig G\u00e4ste, w\u00e4hrend sich im ersten Stockwerk au\u00dferdem ein kleiner Saal mit Terrasse [&hellip;]\" \/>\n<meta property=\"og:url\" content=\"https:\/\/www.alsput.com\/de\/ueber-uns\/\" \/>\n<meta property=\"og:site_name\" content=\"Alsput - hotel \/ Restaurant\" \/>\n<meta property=\"article:publisher\" content=\"https:\/\/www.facebook.com\/Alsput\/\" \/>\n<meta name=\"twitter:card\" content=\"summary_large_image\" \/>\n<meta name=\"twitter:label1\" content=\"Gesch\u00e4tzte Lesezeit\" \/>\n\t<meta name=\"twitter:data1\" content=\"1\u00a0Minute\" \/>\n<script type=\"application\/ld+json\" class=\"yoast-schema-graph\">{\"@context\":\"https:\\\/\\\/schema.org\",\"@graph\":[{\"@type\":\"WebPage\",\"@id\":\"https:\\\/\\\/www.alsput.com\\\/de\\\/ueber-uns\\\/\",\"url\":\"https:\\\/\\\/www.alsput.com\\\/de\\\/ueber-uns\\\/\",\"name\":\"\u00dcber uns - Alsput - hotel \\\/ Restaurant\",\"isPartOf\":{\"@id\":\"https:\\\/\\\/www.alsput.com\\\/de\\\/#website\"},\"datePublished\":\"2020-03-21T16:02:52+00:00\",\"breadcrumb\":{\"@id\":\"https:\\\/\\\/www.alsput.com\\\/de\\\/ueber-uns\\\/#breadcrumb\"},\"inLanguage\":\"de\",\"potentialAction\":[{\"@type\":\"ReadAction\",\"target\":[\"https:\\\/\\\/www.alsput.com\\\/de\\\/ueber-uns\\\/\"]}]},{\"@type\":\"BreadcrumbList\",\"@id\":\"https:\\\/\\\/www.alsput.com\\\/de\\\/ueber-uns\\\/#breadcrumb\",\"itemListElement\":[{\"@type\":\"ListItem\",\"position\":1,\"name\":\"Home\",\"item\":\"https:\\\/\\\/www.alsput.com\\\/de\\\/\"},{\"@type\":\"ListItem\",\"position\":2,\"name\":\"\u00dcber uns\"}]},{\"@type\":\"WebSite\",\"@id\":\"https:\\\/\\\/www.alsput.com\\\/de\\\/#website\",\"url\":\"https:\\\/\\\/www.alsput.com\\\/de\\\/\",\"name\":\"Alsput - Hotel \\\/ Restaurant\",\"description\":\"hotel-restaurant-taverne\",\"publisher\":{\"@id\":\"https:\\\/\\\/www.alsput.com\\\/de\\\/#organization\"},\"potentialAction\":[{\"@type\":\"SearchAction\",\"target\":{\"@type\":\"EntryPoint\",\"urlTemplate\":\"https:\\\/\\\/www.alsput.com\\\/de\\\/?s={search_term_string}\"},\"query-input\":{\"@type\":\"PropertyValueSpecification\",\"valueRequired\":true,\"valueName\":\"search_term_string\"}}],\"inLanguage\":\"de\"},{\"@type\":\"Organization\",\"@id\":\"https:\\\/\\\/www.alsput.com\\\/de\\\/#organization\",\"name\":\"Hotel \\\/ Restaurant Alsput\",\"url\":\"https:\\\/\\\/www.alsput.com\\\/de\\\/\",\"logo\":{\"@type\":\"ImageObject\",\"inLanguage\":\"de\",\"@id\":\"https:\\\/\\\/www.alsput.com\\\/de\\\/#\\\/schema\\\/logo\\\/image\\\/\",\"url\":\"https:\\\/\\\/www.alsput.com\\\/wp-content\\\/uploads\\\/2020\\\/01\\\/favicon.png\",\"contentUrl\":\"https:\\\/\\\/www.alsput.com\\\/wp-content\\\/uploads\\\/2020\\\/01\\\/favicon.png\",\"width\":512,\"height\":512,\"caption\":\"Hotel \\\/ Restaurant Alsput\"},\"image\":{\"@id\":\"https:\\\/\\\/www.alsput.com\\\/de\\\/#\\\/schema\\\/logo\\\/image\\\/\"},\"sameAs\":[\"https:\\\/\\\/www.facebook.com\\\/Alsput\\\/\"]}]}<\/script>\n<!-- \/ Yoast SEO plugin. -->","yoast_head_json":{"title":"\u00dcber uns - Alsput - hotel \/ Restaurant","robots":{"index":"index","follow":"follow","max-snippet":"max-snippet:-1","max-image-preview":"max-image-preview:large","max-video-preview":"max-video-preview:-1"},"canonical":"https:\/\/www.alsput.com\/de\/ueber-uns\/","og_locale":"de_DE","og_type":"article","og_title":"\u00dcber uns - Alsput - hotel \/ Restaurant","og_description":"Am 18. Dezember 1980 hat Mieke De Baerdemaeker das damalige Caf\u00e9 \u201aDe Vosse Duif\u2018, das nach dem darin untergebrachten Taubenschlag benannt war, gekauft. 1984 beschloss Mieke nach ihrer Abendausbildung zum Caterer, das Caf\u00e9 zu einem Caf\u00e9-Restaurant auszuweiten. Das Erdgeschoss bot Platz f\u00fcr f\u00fcnfzig G\u00e4ste, w\u00e4hrend sich im ersten Stockwerk au\u00dferdem ein kleiner Saal mit Terrasse [&hellip;]","og_url":"https:\/\/www.alsput.com\/de\/ueber-uns\/","og_site_name":"Alsput - hotel \/ Restaurant","article_publisher":"https:\/\/www.facebook.com\/Alsput\/","twitter_card":"summary_large_image","twitter_misc":{"Gesch\u00e4tzte Lesezeit":"1\u00a0Minute"},"schema":{"@context":"https:\/\/schema.org","@graph":[{"@type":"WebPage","@id":"https:\/\/www.alsput.com\/de\/ueber-uns\/","url":"https:\/\/www.alsput.com\/de\/ueber-uns\/","name":"\u00dcber uns - Alsput - hotel \/ Restaurant","isPartOf":{"@id":"https:\/\/www.alsput.com\/de\/#website"},"datePublished":"2020-03-21T16:02:52+00:00","breadcrumb":{"@id":"https:\/\/www.alsput.com\/de\/ueber-uns\/#breadcrumb"},"inLanguage":"de","potentialAction":[{"@type":"ReadAction","target":["https:\/\/www.alsput.com\/de\/ueber-uns\/"]}]},{"@type":"BreadcrumbList","@id":"https:\/\/www.alsput.com\/de\/ueber-uns\/#breadcrumb","itemListElement":[{"@type":"ListItem","position":1,"name":"Home","item":"https:\/\/www.alsput.com\/de\/"},{"@type":"ListItem","position":2,"name":"\u00dcber uns"}]},{"@type":"WebSite","@id":"https:\/\/www.alsput.com\/de\/#website","url":"https:\/\/www.alsput.com\/de\/","name":"Alsput - Hotel \/ Restaurant","description":"hotel-restaurant-taverne","publisher":{"@id":"https:\/\/www.alsput.com\/de\/#organization"},"potentialAction":[{"@type":"SearchAction","target":{"@type":"EntryPoint","urlTemplate":"https:\/\/www.alsput.com\/de\/?s={search_term_string}"},"query-input":{"@type":"PropertyValueSpecification","valueRequired":true,"valueName":"search_term_string"}}],"inLanguage":"de"},{"@type":"Organization","@id":"https:\/\/www.alsput.com\/de\/#organization","name":"Hotel \/ Restaurant Alsput","url":"https:\/\/www.alsput.com\/de\/","logo":{"@type":"ImageObject","inLanguage":"de","@id":"https:\/\/www.alsput.com\/de\/#\/schema\/logo\/image\/","url":"https:\/\/www.alsput.com\/wp-content\/uploads\/2020\/01\/favicon.png","contentUrl":"https:\/\/www.alsput.com\/wp-content\/uploads\/2020\/01\/favicon.png","width":512,"height":512,"caption":"Hotel \/ Restaurant Alsput"},"image":{"@id":"https:\/\/www.alsput.com\/de\/#\/schema\/logo\/image\/"},"sameAs":["https:\/\/www.facebook.com\/Alsput\/"]}]}},"_links":{"self":[{"href":"https:\/\/www.alsput.com\/de\/wp-json\/wp\/v2\/pages\/454","targetHints":{"allow":["GET"]}}],"collection":[{"href":"https:\/\/www.alsput.com\/de\/wp-json\/wp\/v2\/pages"}],"about":[{"href":"https:\/\/www.alsput.com\/de\/wp-json\/wp\/v2\/types\/page"}],"author":[{"embeddable":true,"href":"https:\/\/www.alsput.com\/de\/wp-json\/wp\/v2\/users\/3"}],"replies":[{"embeddable":true,"href":"https:\/\/www.alsput.com\/de\/wp-json\/wp\/v2\/comments?post=454"}],"version-history":[{"count":0,"href":"https:\/\/www.alsput.com\/de\/wp-json\/wp\/v2\/pages\/454\/revisions"}],"wp:attachment":[{"href":"https:\/\/www.alsput.com\/de\/wp-json\/wp\/v2\/media?parent=454"}],"curies":[{"name":"wp","href":"https:\/\/api.w.org\/{rel}","templated":true}]}}